{"id":1000,"date":"2024-08-28T07:34:35","date_gmt":"2024-08-28T05:34:35","guid":{"rendered":"https:\/\/www.clhb.info\/wpr\/?page_id=1000"},"modified":"2025-09-03T14:25:46","modified_gmt":"2025-09-03T12:25:46","slug":"licences","status":"publish","type":"page","link":"https:\/\/www.clhb.info\/wpr\/licences\/","title":{"rendered":"Licences"},"content":{"rendered":"\t\t<div data-elementor-type=\"wp-page\" data-elementor-id=\"1000\" class=\"elementor elementor-1000\">\n\t\t\t\t<div class=\"elementor-element elementor-element-59715ac e-flex e-con-boxed e-con e-parent\" data-id=\"59715ac\" data-element_type=\"container\">\n\t\t\t\t\t<div class=\"e-con-inner\">\n\t\t\t\t<div class=\"elementor-element elementor-element-552e727 elementor-widget elementor-widget-heading\" data-id=\"552e727\" data-element_type=\"widget\" data-widget_type=\"heading.default\">\n\t\t\t\t<div class=\"elementor-widget-container\">\n\t\t\t\t\t<h2 class=\"elementor-heading-title elementor-size-default\">Gestion des licences<\/h2>\t\t\t\t<\/div>\n\t\t\t\t<\/div>\n\t\t\t\t\t<\/div>\n\t\t\t\t<\/div>\n\t\t<div class=\"elementor-element elementor-element-cf2e3a0 e-con-full e-flex e-con e-parent\" data-id=\"cf2e3a0\" data-element_type=\"container\">\n\t\t\t\t<div class=\"elementor-element elementor-element-3701376 elementor-widget elementor-widget-text-editor\" data-id=\"3701376\" data-element_type=\"widget\" data-widget_type=\"text-editor.default\">\n\t\t\t\t<div class=\"elementor-widget-container\">\n\t\t\t\t\t\t\t\t\t<ul>\n<li><strong>Contact licences<\/strong>: <strong>Sandrine DOYEUX<\/strong> (Seccr\u00e9taire du club) \/ <strong>hand.clhb@gmail.com \/ 06 09 14 67 72<br><\/strong><\/li>\n<\/ul>\n<hr>\n<ul>\n<li><strong>Mode d&#8217;emploi:<\/strong>&nbsp; les inscriptions sont totalement d\u00e9mat\u00e9rialis\u00e9es. Un lien pour le renouvellement de votre licence est transmis par mail. il s&rsquo;agit d&rsquo;un mail de la FFHB comportant un lien vous invitant \u00e0 compl\u00e9ter le formulaire pour la nouvelle saison. Le paiement peut \u00eatre effectu\u00e9 en ligne \u00e9galement.<\/li>\n<\/ul>\n<p style=\"text-align: center;\"><em>\/!\\ V\u00e9rifiez si le mail n&rsquo;est pas pr\u00e9sent dans vos spams \/ courriers ind\u00e9sirables \/!\\&nbsp;<\/em><\/p>\n<hr>\n<ul>\n<li><strong>3 Cas <\/strong><\/li>\n<\/ul>\n<p><strong>1) Cas licenci\u00e9 d\u00e9j\u00e0 au CLHB l&rsquo;ann\u00e9e derni\u00e8re: <\/strong>Vous avez du recevoir un mail de FFHandball &lt;noreply@gesthand.net&gt; le 3 Juin 2025 pour vous r\u00e9inscrire&nbsp;<\/p>\n<hr>\n<p><span style=\"text-decoration: underline;\"><em>Informations compl\u00e9mentaires: mail de hand.clhb@gmail.com envoy\u00e9 \u00e0 tous les licenci\u00e9s le 3 Juin<\/em><\/span><\/p>\n<p>Bonjour \u00e0 tous,<\/p>\n<div>Une saison se termine, pensons \u00e0 la suivante avant de chausser nos tongs.<\/div>\n<div>&nbsp;<\/div>\n<div>Si vous souhaitez renouveler votre licence, rien de plus facile. Vous allez recevoir aujourd&rsquo;hui ou demain un mail FFHB pour compl\u00e9ter le formulaire en ligne. Bien v\u00e9rifier vos spams parfois le mail s&rsquo;\u00e9gare dans les ind\u00e9sirables. M&rsquo;alerter&nbsp;si vous n&rsquo;avez rien re\u00e7u d&rsquo;ici le 20 juin<\/div>\n<div>&nbsp;<\/div>\n<div>Dans ce formulaire&nbsp;<span style=\"color: #ff0000;\"><b>WARNING<\/b><\/span>&nbsp;il y a une page enti\u00e8re d\u00e9di\u00e9e \u00e0 Handball TV et Mihand.&nbsp;<u>Si vous cochez les cases, vous paierez les abonnements qui ne sont en aucun cas en lien avec la licence<\/u>. C&rsquo;est une option payante.&nbsp;<b>Le club ne sera pas tenu responsable d&rsquo;un \u00e9ventuel remboursement si vous cochez ces cases<\/b>.<\/div>\n<div>&nbsp;<\/div>\n<div>Pour tous les seniors, les dirigeants et les encadrants majeurs, bien cocher la case concernant la question est-ce que vous \u00eates encadrant =&gt; cela permet d&rsquo;avoir&nbsp;<b>l&rsquo;attestation d&rsquo;honorabilit\u00e9<\/b>&nbsp;n\u00e9cessaire pour \u00eatre \u00e0 la table de marque et sur les feuilles de matchs.<\/div>\n<div>&nbsp;<\/div>\n<div><u>Justificatifs<\/u><\/div>\n<div>&#8211; une photo d&rsquo;identit\u00e9 peut \u00eatre demand\u00e9e, il suffit de la prendre avec le t\u00e9l\u00e9phone et de la rajouter au formulaire<\/div>\n<div>&#8211; un justificatif d&rsquo;identit\u00e9 peut \u00eatre demand\u00e9, m\u00eame proc\u00e9dure que pour la photo<\/div>\n<div>&#8211; un certificat m\u00e9dical peut \u00eatre demand\u00e9 : dans ce cas, il faut qu&rsquo;il comporte la mention \u00ab\u00a0apte \u00e0 la pratique du handball en comp\u00e9tition\u00a0\u00bb, y compris pour les baby, d\u00e9butants, premiers pas, loisirs et handfit<\/div>\n<div>&nbsp;<\/div>\n<p><strong>2) Cas nouveau licenci\u00e9<\/strong> : El\u00e9ments \u00e0 envoyer \u00e0 l&rsquo;adresse <strong>hand.clhb@gmail.com<\/strong>&nbsp;<\/p>\n<div>\n<div>&#8211; nom, pr\u00e9nom, date et lieu du joueur<\/div>\n<div>&#8211; adresse mail<\/div>\n<div>&#8211; adresse postale<\/div>\n<div>&#8211; nom, pr\u00e9nom, date et lieu de naissance d&rsquo;un ou des deux parents si mineur<\/div>\n<div>&#8211; t\u00e9l\u00e9phone portable d&rsquo;un ou des deux parents si mineur<\/div>\n<div>&nbsp;<\/div>\n<\/div>\n<p><strong>3) Cas joueur mut\u00e9:<\/strong> Demande par mail \u00e0 <strong>hand.clhb@gmail.com<\/strong><strong style=\"font-size: 16px;\">&nbsp;&nbsp;<\/strong>(nom \/ prenom \/ n\u00b0 licence \/ nom club quitt\u00e9)<\/p>\n<p style=\"text-align: center;\"><em>\/!\\ Accord du club quitt\u00e9 n\u00e9cessaire apr\u00e8s le 31\/07 \/!\\<\/em><\/p>\n<p>Des frais de mutation (uniquement pour les cat\u00e9gories -15 \/ -18 et Seniors) sont \u00e0 payer par le joueur: Le r\u00e8glement est \u00e0 faire en dehors du formulaire (140\u20ac pour les +16ans, 90\u20ac pour les -16ans, gratuit pour les -12 ans)<\/p>\n<p>Plus d&rsquo;informations sur les mutations:&nbsp;&nbsp;<a style=\"font-style: inherit; font-weight: inherit; background-color: rgba(51, 6, 24, 0); text-align: var(--text-align);\" href=\"https:\/\/www.handball-bretagne.bzh\/wp-content\/uploads\/2025\/07\/25-26-FP12-MUTATION-Tout-savoir.pdf\">LBH-Fiche_Mutations-25-26<\/a><\/p>\n<hr>\n<div>\n<ul>\n<li><strong>Permanences \u00e0 venir: (si questions \/ besoin d&rsquo;aide)&nbsp;<\/strong><\/li>\n<\/ul>\n<p><strong>Samedi 6 septembre 2025, <\/strong>de 9h30 \u00e0 12h30, Forum des associations, Salle de Lanveur, \u00e0 Kerlouan<\/p>\n<hr>\n<ul>\n<li><strong>Tarifs \/ R\u00e8glements<\/strong><strong><br><\/strong><\/li>\n<\/ul>\n<div>&#8211; Le r\u00e8glement de la&nbsp;<span class=\"il\">licence<\/span>&nbsp;peut se faire par ch\u00e8que, esp\u00e8ces, ch\u00e8ques vacances coupons sport et bien entendu directement en ligne via Hello Asso (un deuxi\u00e8me lien vous est transmis pour le paiement dans un second temps si vous choisissez cette option).&nbsp;<\/div>\n<div>&#8211; Si vous ne r\u00e9glez pas en ligne, vous pouvez d\u00e9poser vos r\u00e8glements dans la bo\u00eete aux lettres du&nbsp;<span class=\"il\">club<\/span>&nbsp;\u00e0 la salle de sport de Kerlouan (ne pas oublier de mettre ne&nbsp;nom pr\u00e9nom du joueur concern\u00e9)<\/div>\n<div>&#8211; Pour ceux qui b\u00e9n\u00e9ficient du Pass Sport de 50\u20ac, s\u00e9lectionner la ligne de r\u00e9duction \u00ab\u00a0Pass sport\u00a0\u00bb dans le formulaire et me transmettre les codes re\u00e7us par mail du Minist\u00e8re de la Jeunesse et des sports. La&nbsp;<span class=\"il\">licence<\/span>&nbsp;ne sera valid\u00e9e qu&rsquo;\u00e0 r\u00e9ception du code par le&nbsp;<span class=\"il\">club<\/span>.<\/div>\n<\/div>\t\t\t\t\t\t\t\t<\/div>\n\t\t\t\t<\/div>\n\t\t\t\t<\/div>\n\t\t<div class=\"elementor-element elementor-element-f517a70 e-flex e-con-boxed e-con e-parent\" data-id=\"f517a70\" data-element_type=\"container\">\n\t\t\t\t\t<div class=\"e-con-inner\">\n\t\t\t\t<div class=\"elementor-element elementor-element-d23dccf elementor-widget elementor-widget-image\" data-id=\"d23dccf\" data-element_type=\"widget\" data-widget_type=\"image.default\">\n\t\t\t\t<div class=\"elementor-widget-container\">\n\t\t\t\t\t\t\t\t\t\t\t\t\t\t\t<img fetchpriority=\"high\" decoding=\"async\" width=\"966\" height=\"623\" src=\"https:\/\/www.clhb.info\/wpr\/wp-content\/uploads\/2025\/08\/Categories_Age_25-26_Liste.png\" class=\"attachment-large size-large wp-image-3002\" alt=\"\" srcset=\"https:\/\/www.clhb.info\/wpr\/wp-content\/uploads\/2025\/08\/Categories_Age_25-26_Liste.png 966w, https:\/\/www.clhb.info\/wpr\/wp-content\/uploads\/2025\/08\/Categories_Age_25-26_Liste-300x193.png 300w, https:\/\/www.clhb.info\/wpr\/wp-content\/uploads\/2025\/08\/Categories_Age_25-26_Liste-150x97.png 150w, https:\/\/www.clhb.info\/wpr\/wp-content\/uploads\/2025\/08\/Categories_Age_25-26_Liste-768x495.png 768w\" sizes=\"(max-width: 966px) 100vw, 966px\" \/>\t\t\t\t\t\t\t\t\t\t\t\t\t\t\t<\/div>\n\t\t\t\t<\/div>\n\t\t\t\t<div class=\"elementor-element elementor-element-f2d66a1 elementor-widget elementor-widget-image\" data-id=\"f2d66a1\" data-element_type=\"widget\" data-widget_type=\"image.default\">\n\t\t\t\t<div class=\"elementor-widget-container\">\n\t\t\t\t\t\t\t\t\t\t\t\t\t\t\t<img decoding=\"async\" width=\"447\" height=\"395\" src=\"https:\/\/www.clhb.info\/wpr\/wp-content\/uploads\/2025\/06\/Prix_Licences_2025-2026.jpg\" class=\"attachment-large size-large wp-image-2717\" alt=\"\" srcset=\"https:\/\/www.clhb.info\/wpr\/wp-content\/uploads\/2025\/06\/Prix_Licences_2025-2026.jpg 447w, https:\/\/www.clhb.info\/wpr\/wp-content\/uploads\/2025\/06\/Prix_Licences_2025-2026-300x265.jpg 300w, https:\/\/www.clhb.info\/wpr\/wp-content\/uploads\/2025\/06\/Prix_Licences_2025-2026-150x133.jpg 150w\" sizes=\"(max-width: 447px) 100vw, 447px\" \/>\t\t\t\t\t\t\t\t\t\t\t\t\t\t\t<\/div>\n\t\t\t\t<\/div>\n\t\t\t\t\t<\/div>\n\t\t\t\t<\/div>\n\t\t<div class=\"elementor-element elementor-element-7ec9b23 e-flex e-con-boxed e-con e-parent\" data-id=\"7ec9b23\" data-element_type=\"container\">\n\t\t\t\t\t<div class=\"e-con-inner\">\n\t\t\t\t\t<\/div>\n\t\t\t\t<\/div>\n\t\t\t\t<\/div>\n\t\t","protected":false},"excerpt":{"rendered":"<p>Gestion des licences Contact licences: Sandrine DOYEUX (Seccr\u00e9taire du club) \/ hand.clhb@gmail.com \/ 06 09 14 67 72 Mode d&#8217;emploi:&nbsp; [&hellip;]<\/p>\n","protected":false},"author":6,"featured_media":0,"parent":0,"menu_order":0,"comment_status":"closed","ping_status":"closed","template":"","meta":{"site-sidebar-layout":"no-sidebar","site-content-layout":"","ast-site-content-layout":"full-width-container","site-content-style":"default","site-sidebar-style":"default","ast-global-header-display":"","ast-banner-title-visibility":"","ast-main-header-display":"","ast-hfb-above-header-display":"","ast-hfb-below-header-display":"","ast-hfb-mobile-header-display":"","site-post-title":"disabled","ast-breadcrumbs-content":"","ast-featured-img":"disabled","footer-sml-layout":"","theme-transparent-header-meta":"","adv-header-id-meta":"","stick-header-meta":"","header-above-stick-meta":"","header-main-stick-meta":"","header-below-stick-meta":"","astra-migrate-meta-layouts":"default","ast-page-background-enabled":"default","ast-page-background-meta":{"desktop":{"background-color":"var(--ast-global-color-4)","background-image":"","background-repeat":"repeat","background-position":"center center","background-size":"auto","background-attachment":"scroll","background-type":"","background-media":"","overlay-type":"","overlay-color":"","overlay-opacity":"","overlay-gradient":""},"tablet":{"background-color":"","background-image":"","background-repeat":"repeat","background-position":"center center","background-size":"auto","background-attachment":"scroll","background-type":"","background-media":"","overlay-type":"","overlay-color":"","overlay-opacity":"","overlay-gradient":""},"mobile":{"background-color":"","background-image":"","background-repeat":"repeat","background-position":"center center","background-size":"auto","background-attachment":"scroll","background-type":"","background-media":"","overlay-type":"","overlay-color":"","overlay-opacity":"","overlay-gradient":""}},"ast-content-background-meta":{"desktop":{"background-color":"var(--ast-global-color-5)","background-image":"","background-repeat":"repeat","background-position":"center center","background-size":"auto","background-attachment":"scroll","background-type":"","background-media":"","overlay-type":"","overlay-color":"","overlay-opacity":"","overlay-gradient":""},"tablet":{"background-color":"var(--ast-global-color-5)","background-image":"","background-repeat":"repeat","background-position":"center center","background-size":"auto","background-attachment":"scroll","background-type":"","background-media":"","overlay-type":"","overlay-color":"","overlay-opacity":"","overlay-gradient":""},"mobile":{"background-color":"var(--ast-global-color-5)","background-image":"","background-repeat":"repeat","background-position":"center center","background-size":"auto","background-attachment":"scroll","background-type":"","background-media":"","overlay-type":"","overlay-color":"","overlay-opacity":"","overlay-gradient":""}},"advanced_seo_description":"","jetpack_seo_html_title":"","jetpack_seo_noindex":false,"footnotes":""},"class_list":["post-1000","page","type-page","status-publish","hentry"],"jetpack_sharing_enabled":true,"_links":{"self":[{"href":"https:\/\/www.clhb.info\/wpr\/wp-json\/wp\/v2\/pages\/1000","targetHints":{"allow":["GET"]}}],"collection":[{"href":"https:\/\/www.clhb.info\/wpr\/wp-json\/wp\/v2\/pages"}],"about":[{"href":"https:\/\/www.clhb.info\/wpr\/wp-json\/wp\/v2\/types\/page"}],"author":[{"embeddable":true,"href":"https:\/\/www.clhb.info\/wpr\/wp-json\/wp\/v2\/users\/6"}],"replies":[{"embeddable":true,"href":"https:\/\/www.clhb.info\/wpr\/wp-json\/wp\/v2\/comments?post=1000"}],"version-history":[{"count":55,"href":"https:\/\/www.clhb.info\/wpr\/wp-json\/wp\/v2\/pages\/1000\/revisions"}],"predecessor-version":[{"id":3070,"href":"https:\/\/www.clhb.info\/wpr\/wp-json\/wp\/v2\/pages\/1000\/revisions\/3070"}],"wp:attachment":[{"href":"https:\/\/www.clhb.info\/wpr\/wp-json\/wp\/v2\/media?parent=1000"}],"curies":[{"name":"wp","href":"https:\/\/api.w.org\/{rel}","templated":true}]}}