{"id":1402,"date":"2024-09-12T01:18:45","date_gmt":"2024-09-11T23:18:45","guid":{"rendered":"https:\/\/www.clhb.info\/wpr\/?page_id=1402"},"modified":"2025-12-17T15:23:49","modified_gmt":"2025-12-17T14:23:49","slug":"dirigeants","status":"publish","type":"page","link":"https:\/\/www.clhb.info\/wpr\/dirigeants\/","title":{"rendered":"Dirigeants"},"content":{"rendered":"\t\t<div data-elementor-type=\"wp-page\" data-elementor-id=\"1402\" class=\"elementor elementor-1402\">\n\t\t\t\t<div class=\"elementor-element elementor-element-151becb e-flex e-con-boxed e-con e-parent\" data-id=\"151becb\" data-element_type=\"container\">\n\t\t\t\t\t<div class=\"e-con-inner\">\n\t\t\t\t<div class=\"elementor-element elementor-element-9099faa elementor-widget elementor-widget-heading\" data-id=\"9099faa\" data-element_type=\"widget\" data-widget_type=\"heading.default\">\n\t\t\t\t<div class=\"elementor-widget-container\">\n\t\t\t\t\t<h3 class=\"elementor-heading-title elementor-size-default\">Tableau dirigeants CLHB  2025-2026<\/h3>\t\t\t\t<\/div>\n\t\t\t\t<\/div>\n\t\t\t\t\t<\/div>\n\t\t\t\t<\/div>\n\t\t<div class=\"elementor-element elementor-element-fefaca6 e-flex e-con-boxed e-con e-parent\" data-id=\"fefaca6\" data-element_type=\"container\">\n\t\t\t\t\t<div class=\"e-con-inner\">\n\t\t\t\t<div class=\"elementor-element elementor-element-34cc49d elementor-widget elementor-widget-image\" data-id=\"34cc49d\" data-element_type=\"widget\" data-widget_type=\"image.default\">\n\t\t\t\t<div class=\"elementor-widget-container\">\n\t\t\t\t\t\t\t\t\t\t\t\t\t\t\t<img fetchpriority=\"high\" decoding=\"async\" width=\"827\" height=\"157\" src=\"https:\/\/www.clhb.info\/wpr\/wp-content\/uploads\/2025\/12\/20251217_Tableau_Dirigeants_Nb_Equipes.png\" class=\"attachment-large size-large wp-image-3486\" alt=\"\" srcset=\"https:\/\/www.clhb.info\/wpr\/wp-content\/uploads\/2025\/12\/20251217_Tableau_Dirigeants_Nb_Equipes.png 827w, https:\/\/www.clhb.info\/wpr\/wp-content\/uploads\/2025\/12\/20251217_Tableau_Dirigeants_Nb_Equipes-300x57.png 300w, https:\/\/www.clhb.info\/wpr\/wp-content\/uploads\/2025\/12\/20251217_Tableau_Dirigeants_Nb_Equipes-150x28.png 150w, https:\/\/www.clhb.info\/wpr\/wp-content\/uploads\/2025\/12\/20251217_Tableau_Dirigeants_Nb_Equipes-768x146.png 768w\" sizes=\"(max-width: 827px) 100vw, 827px\" \/>\t\t\t\t\t\t\t\t\t\t\t\t\t\t\t<\/div>\n\t\t\t\t<\/div>\n\t\t\t\t<div class=\"elementor-element elementor-element-f6d87e2 elementor-widget elementor-widget-text-editor\" data-id=\"f6d87e2\" data-element_type=\"widget\" data-widget_type=\"text-editor.default\">\n\t\t\t\t<div class=\"elementor-widget-container\">\n\t\t\t\t\t\t\t\t\t<p>\/Si questions \/ demandes de matchs amicaux&#8230; , ne pas h\u00e9siter \u00e0 contacter le responsable de cat\u00e9gorie ci-dessous:<\/p><ul><li><strong>Seniors Filles<\/strong>: C\u00e9dric MILLET \/ 06 81 17 34 62<\/li><li><strong>Seniors Gars<\/strong>: L\u00e9o GUILLERM \/ 07 85 63 72 90 \/ leoguillerm10@gmail.com<\/li><li><strong>U18 Filles:<\/strong>\u00a0Anthony GUILPAIN \/ 06 37 33 65 53 \/ guilpain.antho@laposte.net<\/li><li><strong>U18 Gars:<\/strong>\u00a0Damien HAM \/ 06 75 64 12 09 \/ damienham6@gmail.com<\/li><li><strong>U15 Filles:<\/strong>\u00a0Claudie MARHADOUR \/ 06 09 21 17 23 \/ claudiemarhadour@gmail.com<\/li><li><strong>U15 Gars:<\/strong>\u00a0Maxime GUEZENOC \/ 07 85 89 64 68 \/ guezenoc.maxime1@gmail.com<\/li><li><strong>U13 Filles:<\/strong>\u00a0Erwan COENT \/ 06 10 31 82 97 \/ erwan.coent@gmail.com<\/li><li><strong>U13 Gars:<\/strong>\u00a0Lucas LE VOURCH \/ 07 66 83 78 64 \/\u00a0levourchlucas@gmail.com<\/li><li><strong>U11:\u00a0<\/strong>\u00a0Jean-Michel LAURANS \/ 06 38 86 15 70 \/\u00a0jean-michel.laurans@orange.fr<\/li><li><strong>D\u00e9butants:<\/strong>\u00a0Elise RABALLAND \/ 06 38 41 23 71 \/ eliseraballand@gmail.com<\/li><li><strong>Premiers Pas:<\/strong>\u00a0Marie-France CAVAREC \/ 06 02 37 93 89 \/ marie-france.cava@wanadoo.fr<\/li><li><strong>Baby:<\/strong>\u00a0Sandrine DOYEUX \/ 06 09 14 67 72 \/ sandrine.doyeux@gmail.com<\/li><li><strong>Loisirs:<\/strong> Aurore FAVE \/ 06 60 58 67 41 \/ aurore.fave@orange.fr<\/li><li><strong>Handfit:<\/strong> Clara MEAR \/ 06 29 75 27 35\u00a0 \/ mearclara@gmail.com<\/li><\/ul>\t\t\t\t\t\t\t\t<\/div>\n\t\t\t\t<\/div>\n\t\t\t\t\t<\/div>\n\t\t\t\t<\/div>\n\t\t<div class=\"elementor-element elementor-element-9352a7f e-flex e-con-boxed e-con e-parent\" data-id=\"9352a7f\" data-element_type=\"container\">\n\t\t\t\t\t<div class=\"e-con-inner\">\n\t\t\t\t\t<\/div>\n\t\t\t\t<\/div>\n\t\t\t\t<\/div>\n\t\t","protected":false},"excerpt":{"rendered":"<p>Tableau dirigeants CLHB 2025-2026 \/Si questions \/ demandes de matchs amicaux&#8230; , ne pas h\u00e9siter \u00e0 contacter le responsable de [&hellip;]<\/p>\n","protected":false},"author":6,"featured_media":0,"parent":0,"menu_order":0,"comment_status":"closed","ping_status":"closed","template":"","meta":{"site-sidebar-layout":"no-sidebar","site-content-layout":"","ast-site-content-layout":"full-width-container","site-content-style":"default","site-sidebar-style":"default","ast-global-header-display":"","ast-banner-title-visibility":"","ast-main-header-display":"","ast-hfb-above-header-display":"","ast-hfb-below-header-display":"","ast-hfb-mobile-header-display":"","site-post-title":"disabled","ast-breadcrumbs-content":"","ast-featured-img":"disabled","footer-sml-layout":"","theme-transparent-header-meta":"","adv-header-id-meta":"","stick-header-meta":"","header-above-stick-meta":"","header-main-stick-meta":"","header-below-stick-meta":"","astra-migrate-meta-layouts":"default","ast-page-background-enabled":"default","ast-page-background-meta":{"desktop":{"background-color":"var(--ast-global-color-4)","background-image":"","background-repeat":"repeat","background-position":"center center","background-size":"auto","background-attachment":"scroll","background-type":"","background-media":"","overlay-type":"","overlay-color":"","overlay-opacity":"","overlay-gradient":""},"tablet":{"background-color":"","background-image":"","background-repeat":"repeat","background-position":"center center","background-size":"auto","background-attachment":"scroll","background-type":"","background-media":"","overlay-type":"","overlay-color":"","overlay-opacity":"","overlay-gradient":""},"mobile":{"background-color":"","background-image":"","background-repeat":"repeat","background-position":"center center","background-size":"auto","background-attachment":"scroll","background-type":"","background-media":"","overlay-type":"","overlay-color":"","overlay-opacity":"","overlay-gradient":""}},"ast-content-background-meta":{"desktop":{"background-color":"var(--ast-global-color-5)","background-image":"","background-repeat":"repeat","background-position":"center center","background-size":"auto","background-attachment":"scroll","background-type":"","background-media":"","overlay-type":"","overlay-color":"","overlay-opacity":"","overlay-gradient":""},"tablet":{"background-color":"var(--ast-global-color-5)","background-image":"","background-repeat":"repeat","background-position":"center center","background-size":"auto","background-attachment":"scroll","background-type":"","background-media":"","overlay-type":"","overlay-color":"","overlay-opacity":"","overlay-gradient":""},"mobile":{"background-color":"var(--ast-global-color-5)","background-image":"","background-repeat":"repeat","background-position":"center center","background-size":"auto","background-attachment":"scroll","background-type":"","background-media":"","overlay-type":"","overlay-color":"","overlay-opacity":"","overlay-gradient":""}},"advanced_seo_description":"","jetpack_seo_html_title":"","jetpack_seo_noindex":false,"footnotes":""},"class_list":["post-1402","page","type-page","status-publish","hentry"],"jetpack_sharing_enabled":true,"_links":{"self":[{"href":"https:\/\/www.clhb.info\/wpr\/wp-json\/wp\/v2\/pages\/1402","targetHints":{"allow":["GET"]}}],"collection":[{"href":"https:\/\/www.clhb.info\/wpr\/wp-json\/wp\/v2\/pages"}],"about":[{"href":"https:\/\/www.clhb.info\/wpr\/wp-json\/wp\/v2\/types\/page"}],"author":[{"embeddable":true,"href":"https:\/\/www.clhb.info\/wpr\/wp-json\/wp\/v2\/users\/6"}],"replies":[{"embeddable":true,"href":"https:\/\/www.clhb.info\/wpr\/wp-json\/wp\/v2\/comments?post=1402"}],"version-history":[{"count":49,"href":"https:\/\/www.clhb.info\/wpr\/wp-json\/wp\/v2\/pages\/1402\/revisions"}],"predecessor-version":[{"id":3489,"href":"https:\/\/www.clhb.info\/wpr\/wp-json\/wp\/v2\/pages\/1402\/revisions\/3489"}],"wp:attachment":[{"href":"https:\/\/www.clhb.info\/wpr\/wp-json\/wp\/v2\/media?parent=1402"}],"curies":[{"name":"wp","href":"https:\/\/api.w.org\/{rel}","templated":true}]}}