{"id":1613,"date":"2024-10-02T00:40:54","date_gmt":"2024-10-01T22:40:54","guid":{"rendered":"https:\/\/www.clhb.info\/wpr\/?page_id=1613"},"modified":"2024-11-04T23:55:42","modified_gmt":"2024-11-04T22:55:42","slug":"bbh-vs-nice-02-11-2024","status":"publish","type":"page","link":"https:\/\/www.clhb.info\/wpr\/bbh-vs-nice-02-11-2024\/","title":{"rendered":"BBH  vs Nice 02\/11\/2024"},"content":{"rendered":"\t\t<div data-elementor-type=\"wp-page\" data-elementor-id=\"1613\" class=\"elementor elementor-1613\">\n\t\t\t\t<div class=\"elementor-element elementor-element-e39e05a e-flex e-con-boxed e-con e-parent\" data-id=\"e39e05a\" data-element_type=\"container\">\n\t\t\t\t\t<div class=\"e-con-inner\">\n\t\t\t\t<div class=\"elementor-element elementor-element-061bdef elementor-widget elementor-widget-text-editor\" data-id=\"061bdef\" data-element_type=\"widget\" data-widget_type=\"text-editor.default\">\n\t\t\t\t<div class=\"elementor-widget-container\">\n\t\t\t\t\t\t\t\t\t<div id=\":1kk\" class=\"Am aiL Al editable LW-avf tS-tW tS-tY\" tabindex=\"1\" role=\"textbox\" contenteditable=\"true\" spellcheck=\"false\" aria-label=\"Corps du message\" aria-multiline=\"true\" aria-owns=\":1qp\" aria-controls=\":1qp\" aria-expanded=\"false\"><div>Bonjour \u00e0 tous,\u00a0<\/div><div>\u00a0<\/div><div>Le <b>CLHB\u00a0<\/b>vous propose d&rsquo;assister au match de championnat de France<b>\u00a0<span class=\"gmail-il\">BBH<\/span>\u00a0\/ Nice le samedi 2 Novembre \u00e0 20H \u00e0 la salle de l&rsquo;ARENA \u00e0 Brest<\/b>. (m\u00eame fonctionnement que le dernier d\u00e9placement en Mars dernier contre Metz \/ places situ\u00e9es en tribune couronne ext\u00e9rieure ) <span class=\"html-span xexx8yu x4uap5 x18d9i69 xkhd6sd x1hl2dhg x16tdsg8 x1vvkbs x3nfvp2 x1j61x8r x1fcty0u xdj266r xat24cr xgzva0m xhhsvwb xxymvpz xlup9mm x1kky2od\" style=\"text-align: inherit; overflow-wrap: break-word; padding: 0px; margin: 0px 1px; height: 16px; display: inline-flex; vertical-align: middle; width: 16px; font-family: inherit;\"><img decoding=\"async\" class=\"xz74otr\" style=\"border-width: 0px; border-style: initial; object-fit: fill;\" src=\"https:\/\/static.xx.fbcdn.net\/images\/emoji.php\/v9\/t8c\/1\/16\/1f389.png\" alt=\"\ud83c\udf89\" width=\"16\" height=\"16\" \/><\/span><span class=\"html-span xexx8yu x4uap5 x18d9i69 xkhd6sd x1hl2dhg x16tdsg8 x1vvkbs x3nfvp2 x1j61x8r x1fcty0u xdj266r xat24cr xgzva0m xhhsvwb xxymvpz xlup9mm x1kky2od\" style=\"text-align: inherit; overflow-wrap: break-word; padding: 0px; margin: 0px 1px; height: 16px; display: inline-flex; vertical-align: middle; width: 16px; font-family: inherit;\"><img decoding=\"async\" class=\"xz74otr\" style=\"border-width: 0px; border-style: initial; object-fit: fill;\" src=\"https:\/\/static.xx.fbcdn.net\/images\/emoji.php\/v9\/t50\/1\/16\/1f525.png\" alt=\"\ud83d\udd25\" width=\"16\" height=\"16\" \/><\/span><\/div><div>\u00a0<\/div><div><b><u>Inscriptions:\u00a0 =&gt; Inscriptions cl\u00f4tur\u00e9es\u00a0 (140)<\/u><\/b><\/div><div>\u00a0<\/div><div><u><b>Mail Organisation g\u00e9n\u00e9rale du 29\/10<\/b><\/u><\/div><div><div class=\"gmail_quote\"><div class=\"gmail_attr\" dir=\"ltr\">Bonjour \u00e0 tous,\u00a0<\/div><div dir=\"ltr\"><div>\u00a0<\/div><div>Derni\u00e8re ligne droite avant le match de samedi au BBH contre Nice , voici les d\u00e9tails de l&rsquo;organisation, nous serons\u00a0<b>140 !<\/b><\/div><div>J&rsquo;ai r\u00e9duit la liste de diffusion avec uniquement les inscrits , voir fichier joint.<\/div><div><b><u>\u00a0<\/u><\/b><\/div><div><b><u>Infos Match:\u00a0<\/u><\/b><\/div><div><b>BBH &#8211; Nice<\/b>\u00a0Match du championnat de France\u00a0 (1er contre 4i\u00e8me)<\/div><div>D\u00e9but du match le\u00a0<b>samedi 02 Novembre \u00e0 20H \u00e0 la Brest Arena\u00a0<\/b>&#8211;\u00a0\u00a0<div><div><a href=\"https:\/\/www.google.fr\/maps\/place\/\/data=!4m2!3m1!1s0x4816bea127a9f9fb:0xb85023d1a59579bc?sa=X&amp;ved=1t:8290&amp;ictx=111\" target=\"_blank\" rel=\"noopener\" data-saferedirecturl=\"https:\/\/www.google.com\/url?q=https:\/\/www.google.fr\/maps\/place\/\/data%3D!4m2!3m1!1s0x4816bea127a9f9fb:0xb85023d1a59579bc?sa%3DX%26ved%3D1t:8290%26ictx%3D111&amp;source=gmail&amp;ust=1730274498116000&amp;usg=AOvVaw3K6MImgrcGKgUVScIySIKc\">140 Bd de Plymouth, 29200 Brest<\/a><\/div><\/div><\/div><div><b>\u00a0<\/b><\/div><div><b><u>RDV d\u00e9part \/ distribution des places:<\/u><\/b><\/div><div>Rendez-vous \u00e0\u00a0<u><b>18H au parking de la salle de Kerlouan<\/b>.\u00a0<\/u>Ce sera l&rsquo;occasion d&rsquo;optimiser aussi le nombre de voitures pour le d\u00e9placement. (si vous pouvez le faire avant , c&rsquo;est encore mieux)\u00a0<\/div><div>Chaque licenci\u00e9 doit trouver une voiture par ses propres moyens. Ceux qui n&rsquo;ont pas trouv\u00e9 de solution de covoiturage, vous pouvez me faire signe<\/div><div><u>\u00a0<\/u><\/div><div><div class=\"gmail_quote\"><div dir=\"ltr\"><div><u>Distribution des places:<\/u><\/div><\/div><\/div><blockquote><div class=\"gmail_quote\"><div><div>&#8211; Soit le vendredi 1er Novembre au club house de Kerlouan de\u00a0 18H30 \u00e0 19H30 pour ceux qui vont directement \u00e0 la salle le samedi.<\/div><\/div><\/div><div class=\"gmail_quote\"><div><div>&#8211; Soit juste avant le d\u00e9part le samedi 02 \u00e0 17H45\u00a0 au club house de Kerlouan<\/div><\/div><\/div><div class=\"gmail_quote\"><div><div>&#8211; Soit vers 19H15 avec moi \u00e0 l&rsquo;ext\u00e9rieur de la salle Arena pr\u00e8s de la billetterie (pour cas exceptionnels)\u00a0<\/div><\/div><div>\u00a0<\/div><\/div><\/blockquote><\/div><div>=&gt; On se retrouve ensuite tous\u00a0<u>directement dans les tribunes<\/u>, ne pas s&rsquo;attendre \u00e0 l&rsquo;ext\u00e9rieur de la salle\u00a0 ! (nous sommes tous group\u00e9s au m\u00eame endroit \u00e0 l&rsquo;\u00e9tage)<\/div><div><u>\u00a0<\/u><\/div><div><div><div><b><u>Mineurs:<\/u><\/b><\/div><\/div><div>Important : pour les mineurs qui participent au d\u00e9placement sans leurs parents,\u00a0<u>merci de me faire un retour en m&rsquo;indiquant l&rsquo;adulte r\u00e9f\u00e9rent qui participe au d\u00e9placement.<\/u>\u00a0Sinon un dirigeant du club sera responsable de l&rsquo;enfant durant le d\u00e9placement.<\/div><div>\u00a0<\/div><\/div><div><b><u>Autres informations:\u00a0<\/u><\/b><\/div><\/div><\/div><div class=\"gmail_quote\"><div dir=\"ltr\"><div>=&gt; Possibilit\u00e9 d&rsquo;apporter son pique nique<\/div><div>=&gt; Pour les joueurs \/ joueuses du club ,porter\u00a0 votre maillot du CLHB\u00a0 !\u00a0<\/div><div>=&gt; informations disponibles aussi sur le site internet du club :\u00a0<a href=\"https:\/\/www.clhb.info\/wpr\/bbh-vs-nice-02-11-2024\/\" target=\"_blank\" rel=\"noopener\" data-saferedirecturl=\"https:\/\/www.google.com\/url?q=https:\/\/www.clhb.info\/wpr\/bbh-vs-nice-02-11-2024\/&amp;source=gmail&amp;ust=1730274498116000&amp;usg=AOvVaw0A7MBw0yrkBVCN5UbAVpc8\">https:\/\/www.clhb.info\/wpr\/<wbr \/>bbh-vs-nice-02-11-2024\/<\/a><\/div><div>\u00a0<\/div><div>\u00a0<\/div><div>Bonne semaine \/\u00a0<\/div><div>Erwan COENT (<a href=\"mailto:erwan.coent@gmail.com\" target=\"_blank\" rel=\"noopener\">erwan.coent@gmail.com<\/a> \/ 06 10 31 82 97)<\/div><\/div><\/div><\/div><div>\u00a0<\/div><\/div>\t\t\t\t\t\t\t\t<\/div>\n\t\t\t\t<\/div>\n\t\t\t\t\t<\/div>\n\t\t\t\t<\/div>\n\t\t<div class=\"elementor-element elementor-element-bf335e0 e-flex e-con-boxed e-con e-parent\" data-id=\"bf335e0\" data-element_type=\"container\">\n\t\t\t\t\t<div class=\"e-con-inner\">\n\t\t\t\t<div class=\"elementor-element elementor-element-0e79032 elementor-widget elementor-widget-image\" data-id=\"0e79032\" data-element_type=\"widget\" data-widget_type=\"image.default\">\n\t\t\t\t<div class=\"elementor-widget-container\">\n\t\t\t\t\t\t\t\t\t\t\t\t\t\t\t<img fetchpriority=\"high\" decoding=\"async\" width=\"461\" height=\"357\" src=\"https:\/\/www.clhb.info\/wpr\/wp-content\/uploads\/2024\/10\/BBH_vs_Nice.png\" class=\"attachment-large size-large wp-image-1620\" alt=\"\" srcset=\"https:\/\/www.clhb.info\/wpr\/wp-content\/uploads\/2024\/10\/BBH_vs_Nice.png 461w, https:\/\/www.clhb.info\/wpr\/wp-content\/uploads\/2024\/10\/BBH_vs_Nice-300x232.png 300w, https:\/\/www.clhb.info\/wpr\/wp-content\/uploads\/2024\/10\/BBH_vs_Nice-150x116.png 150w\" sizes=\"(max-width: 461px) 100vw, 461px\" \/>\t\t\t\t\t\t\t\t\t\t\t\t\t\t\t<\/div>\n\t\t\t\t<\/div>\n\t\t\t\t\t<\/div>\n\t\t\t\t<\/div>\n\t\t<div class=\"elementor-element elementor-element-f53e7fc e-flex e-con-boxed e-con e-parent\" data-id=\"f53e7fc\" data-element_type=\"container\">\n\t\t\t\t\t<div class=\"e-con-inner\">\n\t\t\t\t<div class=\"elementor-element elementor-element-65183b6 elementor-invisible elementor-widget elementor-widget-image\" data-id=\"65183b6\" data-element_type=\"widget\" data-settings=\"{&quot;_animation&quot;:&quot;slideInUp&quot;}\" data-widget_type=\"image.default\">\n\t\t\t\t<div class=\"elementor-widget-container\">\n\t\t\t\t\t\t\t\t\t\t\t\t\t\t\t\t<a href=\"https:\/\/www.brest-bretagnehandball.fr\/classement\">\n\t\t\t\t\t\t\t<img loading=\"lazy\" decoding=\"async\" width=\"308\" height=\"777\" src=\"https:\/\/www.clhb.info\/wpr\/wp-content\/uploads\/2024\/10\/Calssement_2.png\" class=\"attachment-large size-large wp-image-1738\" alt=\"\" srcset=\"https:\/\/www.clhb.info\/wpr\/wp-content\/uploads\/2024\/10\/Calssement_2.png 308w, https:\/\/www.clhb.info\/wpr\/wp-content\/uploads\/2024\/10\/Calssement_2-119x300.png 119w, https:\/\/www.clhb.info\/wpr\/wp-content\/uploads\/2024\/10\/Calssement_2-150x378.png 150w\" sizes=\"(max-width: 308px) 100vw, 308px\" \/>\t\t\t\t\t\t\t\t<\/a>\n\t\t\t\t\t\t\t\t\t\t\t\t\t\t\t<\/div>\n\t\t\t\t<\/div>\n\t\t\t\t\t<\/div>\n\t\t\t\t<\/div>\n\t\t<div class=\"elementor-element elementor-element-07f9123 e-flex e-con-boxed e-con e-parent\" data-id=\"07f9123\" data-element_type=\"container\">\n\t\t\t\t\t<div class=\"e-con-inner\">\n\t\t\t\t<div class=\"elementor-element elementor-element-e468475 elementor-widget elementor-widget-image\" data-id=\"e468475\" data-element_type=\"widget\" data-widget_type=\"image.default\">\n\t\t\t\t<div class=\"elementor-widget-container\">\n\t\t\t\t\t\t\t\t\t\t\t\t\t\t\t<img loading=\"lazy\" decoding=\"async\" width=\"765\" height=\"1024\" src=\"https:\/\/www.clhb.info\/wpr\/wp-content\/uploads\/2024\/11\/BBH_Nice_02112024-765x1024.jpg\" class=\"attachment-large size-large wp-image-1864\" alt=\"\" srcset=\"https:\/\/www.clhb.info\/wpr\/wp-content\/uploads\/2024\/11\/BBH_Nice_02112024-765x1024.jpg 765w, https:\/\/www.clhb.info\/wpr\/wp-content\/uploads\/2024\/11\/BBH_Nice_02112024-224x300.jpg 224w, https:\/\/www.clhb.info\/wpr\/wp-content\/uploads\/2024\/11\/BBH_Nice_02112024-150x201.jpg 150w, https:\/\/www.clhb.info\/wpr\/wp-content\/uploads\/2024\/11\/BBH_Nice_02112024-768x1028.jpg 768w, https:\/\/www.clhb.info\/wpr\/wp-content\/uploads\/2024\/11\/BBH_Nice_02112024-1147x1536.jpg 1147w, https:\/\/www.clhb.info\/wpr\/wp-content\/uploads\/2024\/11\/BBH_Nice_02112024.jpg 1195w\" sizes=\"(max-width: 765px) 100vw, 765px\" \/>\t\t\t\t\t\t\t\t\t\t\t\t\t\t\t<\/div>\n\t\t\t\t<\/div>\n\t\t\t\t\t<\/div>\n\t\t\t\t<\/div>\n\t\t\t\t<\/div>\n\t\t","protected":false},"excerpt":{"rendered":"<p>Bonjour \u00e0 tous,\u00a0\u00a0Le CLHB\u00a0vous propose d&rsquo;assister au match de championnat de France\u00a0BBH\u00a0\/ Nice le samedi 2 Novembre \u00e0 20H \u00e0 [&hellip;]<\/p>\n","protected":false},"author":6,"featured_media":0,"parent":0,"menu_order":0,"comment_status":"closed","ping_status":"closed","template":"","meta":{"site-sidebar-layout":"no-sidebar","site-content-layout":"","ast-site-content-layout":"full-width-container","site-content-style":"default","site-sidebar-style":"default","ast-global-header-display":"","ast-banner-title-visibility":"","ast-main-header-display":"","ast-hfb-above-header-display":"","ast-hfb-below-header-display":"","ast-hfb-mobile-header-display":"","site-post-title":"disabled","ast-breadcrumbs-content":"","ast-featured-img":"disabled","footer-sml-layout":"","theme-transparent-header-meta":"","adv-header-id-meta":"","stick-header-meta":"","header-above-stick-meta":"","header-main-stick-meta":"","header-below-stick-meta":"","astra-migrate-meta-layouts":"default","ast-page-background-enabled":"default","ast-page-background-meta":{"desktop":{"background-color":"var(--ast-global-color-4)","background-image":"","background-repeat":"repeat","background-position":"center center","background-size":"auto","background-attachment":"scroll","background-type":"","background-media":"","overlay-type":"","overlay-color":"","overlay-opacity":"","overlay-gradient":""},"tablet":{"background-color":"","background-image":"","background-repeat":"repeat","background-position":"center center","background-size":"auto","background-attachment":"scroll","background-type":"","background-media":"","overlay-type":"","overlay-color":"","overlay-opacity":"","overlay-gradient":""},"mobile":{"background-color":"","background-image":"","background-repeat":"repeat","background-position":"center center","background-size":"auto","background-attachment":"scroll","background-type":"","background-media":"","overlay-type":"","overlay-color":"","overlay-opacity":"","overlay-gradient":""}},"ast-content-background-meta":{"desktop":{"background-color":"var(--ast-global-color-5)","background-image":"","background-repeat":"repeat","background-position":"center center","background-size":"auto","background-attachment":"scroll","background-type":"","background-media":"","overlay-type":"","overlay-color":"","overlay-opacity":"","overlay-gradient":""},"tablet":{"background-color":"var(--ast-global-color-5)","background-image":"","background-repeat":"repeat","background-position":"center center","background-size":"auto","background-attachment":"scroll","background-type":"","background-media":"","overlay-type":"","overlay-color":"","overlay-opacity":"","overlay-gradient":""},"mobile":{"background-color":"var(--ast-global-color-5)","background-image":"","background-repeat":"repeat","background-position":"center center","background-size":"auto","background-attachment":"scroll","background-type":"","background-media":"","overlay-type":"","overlay-color":"","overlay-opacity":"","overlay-gradient":""}},"advanced_seo_description":"","jetpack_seo_html_title":"","jetpack_seo_noindex":false,"footnotes":""},"class_list":["post-1613","page","type-page","status-publish","hentry"],"jetpack_sharing_enabled":true,"_links":{"self":[{"href":"https:\/\/www.clhb.info\/wpr\/wp-json\/wp\/v2\/pages\/1613","targetHints":{"allow":["GET"]}}],"collection":[{"href":"https:\/\/www.clhb.info\/wpr\/wp-json\/wp\/v2\/pages"}],"about":[{"href":"https:\/\/www.clhb.info\/wpr\/wp-json\/wp\/v2\/types\/page"}],"author":[{"embeddable":true,"href":"https:\/\/www.clhb.info\/wpr\/wp-json\/wp\/v2\/users\/6"}],"replies":[{"embeddable":true,"href":"https:\/\/www.clhb.info\/wpr\/wp-json\/wp\/v2\/comments?post=1613"}],"version-history":[{"count":26,"href":"https:\/\/www.clhb.info\/wpr\/wp-json\/wp\/v2\/pages\/1613\/revisions"}],"predecessor-version":[{"id":2322,"href":"https:\/\/www.clhb.info\/wpr\/wp-json\/wp\/v2\/pages\/1613\/revisions\/2322"}],"wp:attachment":[{"href":"https:\/\/www.clhb.info\/wpr\/wp-json\/wp\/v2\/media?parent=1613"}],"curies":[{"name":"wp","href":"https:\/\/api.w.org\/{rel}","templated":true}]}}