{"id":1981,"date":"2024-11-28T21:33:32","date_gmt":"2024-11-28T20:33:32","guid":{"rendered":"https:\/\/www.clhb.info\/wpr\/?page_id=1981"},"modified":"2024-11-28T21:40:04","modified_gmt":"2024-11-28T20:40:04","slug":"historique-du-club","status":"publish","type":"page","link":"https:\/\/www.clhb.info\/wpr\/historique-du-club\/","title":{"rendered":"Historique du Club"},"content":{"rendered":"\t\t<div data-elementor-type=\"wp-page\" data-elementor-id=\"1981\" class=\"elementor elementor-1981\">\n\t\t\t\t<div class=\"elementor-element elementor-element-2e4bd63 e-flex e-con-boxed e-con e-parent\" data-id=\"2e4bd63\" data-element_type=\"container\">\n\t\t\t\t\t<div class=\"e-con-inner\">\n\t\t\t\t<div class=\"elementor-element elementor-element-dd6add2 elementor-widget elementor-widget-heading\" data-id=\"dd6add2\" data-element_type=\"widget\" data-widget_type=\"heading.default\">\n\t\t\t\t<div class=\"elementor-widget-container\">\n\t\t\t\t\t<h3 class=\"elementor-heading-title elementor-size-default\">Historique du club CLHB<\/h3>\t\t\t\t<\/div>\n\t\t\t\t<\/div>\n\t\t\t\t<div class=\"elementor-element elementor-element-82dbe66 elementor-widget elementor-widget-text-editor\" data-id=\"82dbe66\" data-element_type=\"widget\" data-widget_type=\"text-editor.default\">\n\t\t\t\t<div class=\"elementor-widget-container\">\n\t\t\t\t\t\t\t\t\t<div>\u00a0<\/div><div>\u00ab\u00a0Le club de Kerlouan <b>(USK)<\/b> a \u00e9t\u00e9 cr\u00e9\u00e9 en <b>octobre 1976<\/b> .\u00a0<span style=\"text-align: var(--text-align); background-color: var(--ast-global-color-5); color: var(--ast-global-color-3); font-size: 1rem;\">On jouait sur la place de la mairie.\u00a0<\/span><img decoding=\"async\" style=\"text-align: var(--text-align); background-color: var(--ast-global-color-5); color: var(--ast-global-color-3); font-size: 1rem;\" src=\"https:\/\/static.xx.fbcdn.net\/images\/emoji.php\/v9\/t91\/1\/16\/1f93e_200d_2640.png\" alt=\"\ud83e\udd3e\u200d\u2640\ufe0f\" width=\"16\" height=\"16\" \/>\u00a0<img decoding=\"async\" class=\"xz74otr\" style=\"text-align: var(--text-align); background-color: var(--ast-global-color-5); color: var(--ast-global-color-3); font-size: 1rem;\" src=\"https:\/\/static.xx.fbcdn.net\/images\/emoji.php\/v9\/t91\/1\/16\/1f93e_200d_2640.png\" alt=\"\ud83e\udd3e\u200d\u2640\ufe0f\" width=\"16\" height=\"16\" \/><\/div><div>\u00a0<\/div><div>Le pr\u00e9sident de l&rsquo;\u00e9poque a mis la pression sur la mairie car on n&rsquo;avait pas de salle . En <strong>1979<\/strong> le club a \u00e9t\u00e9 mis en sommeil durant 2 ans le temps de la construction de la salle , la pers\u00e9v\u00e9rance\u00a0du pr\u00e9sident avait port\u00e9 ses fruits.\u00a0<\/div><div>\u00a0<\/div><div>L&rsquo;ann\u00e9e<strong> 1990<\/strong> acte la fusion avec Guiss\u00e9ny et le nouveau nom du club,\u00a0 <strong>KERSENY<\/strong>.<\/div><div>Nous \u00e9tions alors un des premiers clubs de la\u00a0<span style=\"text-align: var(--text-align); background-color: var(--ast-global-color-5); color: var(--ast-global-color-3); font-size: 1rem;\">ligue de bretagne \u00e0 fusionner , les \u00e9quipes qui venaient de loin cherchaient <strong>Kers\u00e9ny<\/strong> sur la carte&#8230;<\/span><\/div><div>\u00a0<\/div><div>En <strong>2005<\/strong> une nouvelle fusion avec <strong>P13 (Ploun\u00e9our-Trez)<\/strong> allait donner naissance au fameux club actuel,\u00a0 <strong>CLHB C\u00f4te des L\u00e9gendes<\/strong>\u00a0 qui f\u00eatera ses 20 ans d&rsquo;existence l&rsquo;ann\u00e9e prochaine en 2025. <img decoding=\"async\" style=\"text-align: var(--text-align); background-color: var(--ast-global-color-5); color: var(--ast-global-color-3); font-size: 1rem;\" draggable=\"false\" src=\"https:\/\/fonts.gstatic.com\/s\/e\/notoemoji\/15.1\/1f60d\/32.png\" alt=\"\ud83d\ude0d\" width=\"23\" height=\"23\" data-emoji=\"\ud83d\ude0d\" aria-label=\"\ud83d\ude0d\" \/><\/div><div>\u00a0<\/div><div>Je n&rsquo;ai pas d&rsquo;historique sur <strong>P13<\/strong> et <strong>Guiss\u00e9ny<\/strong> mais leurs salles ont \u00e9t\u00e9 construites\u00a0 en <strong>1984<\/strong> ou <strong>1985<\/strong>.\u00a0\u00bb\u00a0<\/div><div>\u00a0<\/div><p>Merci \u00e0 <strong>Marcel CAVAREC<\/strong>, notre pr\u00e9sident actuel (licenci\u00e9 depuis 1977 !) pour toutes ces informations !\u00a0<span style=\"font-style: inherit; font-weight: inherit; text-align: var(--text-align); background-color: var(--ast-global-color-5); color: var(--ast-global-color-3);\"> <img loading=\"lazy\" decoding=\"async\" src=\"https:\/\/static.xx.fbcdn.net\/images\/emoji.php\/v9\/tfe\/1\/16\/1f44f.png\" alt=\"\ud83d\udc4f\" width=\"25\" height=\"25\" \/><\/span><\/p><p>Si vous avez des compl\u00e9ments d&rsquo;informations notamment sur les clubs de Guisseny et Plouneour-Trez \/ nous sommes preneurs. <img loading=\"lazy\" decoding=\"async\" style=\"text-align: var(--text-align); background-color: var(--ast-global-color-5); color: var(--ast-global-color-3); font-size: 1rem;\" draggable=\"false\" src=\"https:\/\/fonts.gstatic.com\/s\/e\/notoemoji\/15.1\/1f9d0\/32.png\" alt=\"\ud83e\uddd0\" width=\"25\" height=\"25\" data-emoji=\"\ud83e\uddd0\" aria-label=\"\ud83e\uddd0\" \/><\/p><p style=\"text-align: center;\"><em>[ \u00e9crire \u00e0 <strong>clhb.communication@gmail.com<\/strong> ou contacter Erwan COENT ]\u00a0<\/em><\/p>\t\t\t\t\t\t\t\t<\/div>\n\t\t\t\t<\/div>\n\t\t\t\t\t<\/div>\n\t\t\t\t<\/div>\n\t\t\t\t<\/div>\n\t\t","protected":false},"excerpt":{"rendered":"<p>Historique du club CLHB \u00a0\u00ab\u00a0Le club de Kerlouan (USK) a \u00e9t\u00e9 cr\u00e9\u00e9 en octobre 1976 .\u00a0On jouait sur la place [&hellip;]<\/p>\n","protected":false},"author":6,"featured_media":0,"parent":0,"menu_order":0,"comment_status":"closed","ping_status":"closed","template":"","meta":{"site-sidebar-layout":"no-sidebar","site-content-layout":"","ast-site-content-layout":"full-width-container","site-content-style":"default","site-sidebar-style":"default","ast-global-header-display":"","ast-banner-title-visibility":"","ast-main-header-display":"","ast-hfb-above-header-display":"","ast-hfb-below-header-display":"","ast-hfb-mobile-header-display":"","site-post-title":"disabled","ast-breadcrumbs-content":"","ast-featured-img":"disabled","footer-sml-layout":"","theme-transparent-header-meta":"","adv-header-id-meta":"","stick-header-meta":"","header-above-stick-meta":"","header-main-stick-meta":"","header-below-stick-meta":"","astra-migrate-meta-layouts":"default","ast-page-background-enabled":"default","ast-page-background-meta":{"desktop":{"background-color":"var(--ast-global-color-4)","background-image":"","background-repeat":"repeat","background-position":"center center","background-size":"auto","background-attachment":"scroll","background-type":"","background-media":"","overlay-type":"","overlay-color":"","overlay-opacity":"","overlay-gradient":""},"tablet":{"background-color":"","background-image":"","background-repeat":"repeat","background-position":"center center","background-size":"auto","background-attachment":"scroll","background-type":"","background-media":"","overlay-type":"","overlay-color":"","overlay-opacity":"","overlay-gradient":""},"mobile":{"background-color":"","background-image":"","background-repeat":"repeat","background-position":"center center","background-size":"auto","background-attachment":"scroll","background-type":"","background-media":"","overlay-type":"","overlay-color":"","overlay-opacity":"","overlay-gradient":""}},"ast-content-background-meta":{"desktop":{"background-color":"var(--ast-global-color-5)","background-image":"","background-repeat":"repeat","background-position":"center center","background-size":"auto","background-attachment":"scroll","background-type":"","background-media":"","overlay-type":"","overlay-color":"","overlay-opacity":"","overlay-gradient":""},"tablet":{"background-color":"var(--ast-global-color-5)","background-image":"","background-repeat":"repeat","background-position":"center center","background-size":"auto","background-attachment":"scroll","background-type":"","background-media":"","overlay-type":"","overlay-color":"","overlay-opacity":"","overlay-gradient":""},"mobile":{"background-color":"var(--ast-global-color-5)","background-image":"","background-repeat":"repeat","background-position":"center center","background-size":"auto","background-attachment":"scroll","background-type":"","background-media":"","overlay-type":"","overlay-color":"","overlay-opacity":"","overlay-gradient":""}},"advanced_seo_description":"","jetpack_seo_html_title":"","jetpack_seo_noindex":false,"footnotes":""},"class_list":["post-1981","page","type-page","status-publish","hentry"],"jetpack_sharing_enabled":true,"_links":{"self":[{"href":"https:\/\/www.clhb.info\/wpr\/wp-json\/wp\/v2\/pages\/1981","targetHints":{"allow":["GET"]}}],"collection":[{"href":"https:\/\/www.clhb.info\/wpr\/wp-json\/wp\/v2\/pages"}],"about":[{"href":"https:\/\/www.clhb.info\/wpr\/wp-json\/wp\/v2\/types\/page"}],"author":[{"embeddable":true,"href":"https:\/\/www.clhb.info\/wpr\/wp-json\/wp\/v2\/users\/6"}],"replies":[{"embeddable":true,"href":"https:\/\/www.clhb.info\/wpr\/wp-json\/wp\/v2\/comments?post=1981"}],"version-history":[{"count":13,"href":"https:\/\/www.clhb.info\/wpr\/wp-json\/wp\/v2\/pages\/1981\/revisions"}],"predecessor-version":[{"id":2006,"href":"https:\/\/www.clhb.info\/wpr\/wp-json\/wp\/v2\/pages\/1981\/revisions\/2006"}],"wp:attachment":[{"href":"https:\/\/www.clhb.info\/wpr\/wp-json\/wp\/v2\/media?parent=1981"}],"curies":[{"name":"wp","href":"https:\/\/api.w.org\/{rel}","templated":true}]}}