{"id":2459,"date":"2025-04-22T21:11:35","date_gmt":"2025-04-22T19:11:35","guid":{"rendered":"https:\/\/www.clhb.info\/wpr\/?page_id=2459"},"modified":"2026-03-02T19:07:03","modified_gmt":"2026-03-02T18:07:03","slug":"recrutement_clhb","status":"publish","type":"page","link":"https:\/\/www.clhb.info\/wpr\/recrutement_clhb\/","title":{"rendered":"Recrutement_CLHB"},"content":{"rendered":"\t\t<div data-elementor-type=\"wp-page\" data-elementor-id=\"2459\" class=\"elementor elementor-2459\">\n\t\t\t\t<div class=\"elementor-element elementor-element-74a6c02 e-flex e-con-boxed e-con e-parent\" data-id=\"74a6c02\" data-element_type=\"container\">\n\t\t\t\t\t<div class=\"e-con-inner\">\n\t\t\t\t<div class=\"elementor-element elementor-element-cee09fd elementor-widget elementor-widget-text-editor\" data-id=\"cee09fd\" data-element_type=\"widget\" data-widget_type=\"text-editor.default\">\n\t\t\t\t<div class=\"elementor-widget-container\">\n\t\t\t\t\t\t\t\t\t<p>Bonjour,&nbsp;<\/p>\n<p>Le Club du <strong>CLHB<\/strong> grandit de saison en saison (pr\u00e8s de 300 licenci\u00e9s actuellement)&nbsp; et nous avons besoin de vous&nbsp;&nbsp;<img decoding=\"async\" draggable=\"false\" src=\"https:\/\/fonts.gstatic.com\/s\/e\/notoemoji\/15.1\/1f929\/32.png\" alt=\"\ud83e\udd29\" width=\"22\" height=\"22\" data-emoji=\"\ud83e\udd29\" aria-label=\"\ud83e\udd29\"> !<strong><span style=\"color: #0000ff;\">&nbsp;<\/span><\/strong><\/p>\n<p>Si vous souhaitez vous engager dans un club familial en tant qu&rsquo;entraineur , coach, joueur(euse) , arbitre ou b\u00e9n\u00e9vole, vous avez frapp\u00e9 \u00e0 la bonne porte ! Bienvenue <img decoding=\"async\" style=\"height: 25px; width: 25px; color: #222222; font-family: Arial, Helvetica, sans-serif; font-size: small;\" draggable=\"false\" src=\"https:\/\/fonts.gstatic.com\/s\/e\/notoemoji\/16.0\/1faf6\/32.png\" alt=\"\ud83e\udef6\" data-emoji=\"\ud83e\udef6\" aria-label=\"\ud83e\udef6\"><\/p>\n<p>Pour cette saison , nous recherchons encore :<\/p>\n<ul>\n<li style=\"list-style-type: none;\">\n<ul>\n<li style=\"font-size: 16px;\"><span style=\"font-weight: bold;\"><span style=\"color: #0000ff;\">Recherche quelques joueuses U18F pour renforcer les 2 \u00e9quipes (Pr\u00e9nat et D2) (mut\u00e9es ou reprise)=&gt;&nbsp;<\/span><\/span>Contacter :&nbsp;<span style=\"font-style: inherit;\">&nbsp;Anthony GUILPAIN \/ 06 37 33 65 53 \/ guilpain.antho@laposte.net<\/span><span style=\"color: #0000ff; font-weight: bold; font-style: inherit;\">&nbsp;<\/span><\/li>\n<li style=\"font-size: 16px;\"><span style=\"font-weight: bold;\"><span style=\"color: #0000ff;\">Recherche quelques joueurs U18G pour renforcer les 2 \u00e9quipes (R\u00e9gion et D2) ( \/!\\ pas de mutations possibles \/!\\) =&gt;&nbsp;&nbsp;<\/span><\/span>Contacter :&nbsp; Damien HAM \/ 06 75 64 12 09 \/ damienham6@gmail.com<\/li>\n<li style=\"font-size: 16px;\"><span style=\"font-weight: bold;\"><span style=\"color: #0000ff;\">Recherche gardien en U15G =&gt;&nbsp;<\/span><\/span>Contacter : Maxime GUEZENOC \/ 07 85 89 64 68 \/ guezenoc.maxime1@gmail.com<\/li>\n<li><strong><span style=\"color: #0000ff;\">Recherche dirigeant pour la cat\u00e9gorie Seniors Gars =&gt; objectif mont\u00e9e en R\u00e9gion dans les 2 ans. =&gt;&nbsp;<\/span><\/strong>Contacter : L\u00e9o GUILLERM \/ 07 85 63 72 90 \/ leoguillerm10@gmail.com<\/li>\n<\/ul>\n<\/li>\n<\/ul>\n<p><span style=\"text-decoration: underline;\">Informations \u00e0 communiquer pour tout nouveau joueur \/ joueuse:<\/span><\/p>\n<ul>\n<li>Nom \/ Pr\u00e9nom \/ Date de naissance \/ Poste principal \/ Poste secondaire \/ Lat\u00e9ralit\u00e9 (Gaucher \/ Droitier)<\/li>\n<li>Club quitt\u00e9 (si mutation) \/ Mail \/ Num\u00e9ro de t\u00e9l\u00e9phone de contact<\/li>\n<\/ul>\n<p><a href=\"https:\/\/www.clhb.info\/wpr\/licences\/\"><span style=\"text-decoration: underline; color: #333333;\">Licences <\/span>=&gt; voir page d\u00e9di\u00e9e sur le site !<\/a><\/p>\n<p><u>Liste des contacts par cat\u00e9gorie pour la saison 2025-2026: (ne pas h\u00e9siter \u00e0 les contacter pour obtenir des informations compl\u00e9mentaires)<\/u><\/p>\n<ul>\n<li><strong>Seniors Filles<\/strong>: C\u00e9dric MILLET \/ 06 81 17 34 62<\/li>\n<li><strong>Seniors Gars<\/strong>: L\u00e9o GUILLERM \/ 07 85 63 72 90 \/ leoguillerm10@gmail.com<\/li>\n<li><strong>U18 Filles:<\/strong> Anthony GUILPAIN \/ 06 37 33 65 53 \/ guilpain.antho@laposte.net<\/li>\n<li><strong>U18 Gars:<\/strong> Damien HAM \/ 06 75 64 12 09 \/ damienham6@gmail.com<\/li>\n<li><strong>U15 Filles:<\/strong> Claudie MARHADOUR \/ 06 09 21 17 23 \/ claudiemarhadour@gmail.com<\/li>\n<li><strong>U15 Gars:<\/strong> Maxime GUEZENOC \/ 07 85 89 64 68 \/ guezenoc.maxime1@gmail.com<\/li>\n<li><strong>U13 Filles:<\/strong> Erwan COENT \/ 06 10 31 82 97 \/ erwan.coent@gmail.com<\/li>\n<li><strong>U13 Gars:<\/strong> Lucas LE VOURCH \/ 07 66 83 78 64 \/ levourchlucas@gmail.com<\/li>\n<li><strong>U11:&nbsp;<\/strong>&nbsp;Jean-Michel LAURANS \/ 06 38 86 15 70 \/&nbsp;jean-michel.laurans@orange.fr<\/li>\n<li><strong>D\u00e9butants:<\/strong> Elise RABALLAND \/ 06 38 41 23 71 \/ eliseraballand@gmail.com<\/li>\n<li><strong>Premiers Pas:<\/strong> Marie-France CAVAREC \/ 06 02 37 93 89 \/ marie-france.cava@wanadoo.fr<\/li>\n<li><strong>Baby:<\/strong> Sandrine DOYEUX \/ 06 09 14 67 72 \/ sandrine.doyeux@gmail.com<\/li>\n<li><strong>Loisirs:<\/strong> Aurore FAVE \/ 06 60 58 67 41 \/ aurore.fave@orange.fr<\/li>\n<li><strong>Handfit:<\/strong> Clara MEAR \/ 06 29 75 27 35 \/ mearclara@gmail.com&nbsp;&nbsp;<br><table dir=\"ltr\" style=\"height: 13px;\" border=\"1\" width=\"5\" cellspacing=\"0\" cellpadding=\"0\" data-sheets-root=\"1\" data-sheets-baot=\"1\">\n<colgroup>\n<col width=\"83\">\n<col width=\"73\">\n<col width=\"80\">\n<col width=\"104\"><\/colgroup>\n<\/table>\n<\/li>\n<\/ul>\t\t\t\t\t\t\t\t<\/div>\n\t\t\t\t<\/div>\n\t\t\t\t\t<\/div>\n\t\t\t\t<\/div>\n\t\t\t\t<\/div>\n\t\t","protected":false},"excerpt":{"rendered":"<p>Bonjour,&nbsp; Le Club du CLHB grandit de saison en saison (pr\u00e8s de 300 licenci\u00e9s actuellement)&nbsp; et nous avons besoin de [&hellip;]<\/p>\n","protected":false},"author":6,"featured_media":0,"parent":0,"menu_order":0,"comment_status":"closed","ping_status":"closed","template":"","meta":{"site-sidebar-layout":"no-sidebar","site-content-layout":"","ast-site-content-layout":"full-width-container","site-content-style":"default","site-sidebar-style":"default","ast-global-header-display":"","ast-banner-title-visibility":"","ast-main-header-display":"","ast-hfb-above-header-display":"","ast-hfb-below-header-display":"","ast-hfb-mobile-header-display":"","site-post-title":"disabled","ast-breadcrumbs-content":"","ast-featured-img":"disabled","footer-sml-layout":"","theme-transparent-header-meta":"","adv-header-id-meta":"","stick-header-meta":"","header-above-stick-meta":"","header-main-stick-meta":"","header-below-stick-meta":"","astra-migrate-meta-layouts":"default","ast-page-background-enabled":"default","ast-page-background-meta":{"desktop":{"background-color":"var(--ast-global-color-4)","background-image":"","background-repeat":"repeat","background-position":"center center","background-size":"auto","background-attachment":"scroll","background-type":"","background-media":"","overlay-type":"","overlay-color":"","overlay-opacity":"","overlay-gradient":""},"tablet":{"background-color":"","background-image":"","background-repeat":"repeat","background-position":"center center","background-size":"auto","background-attachment":"scroll","background-type":"","background-media":"","overlay-type":"","overlay-color":"","overlay-opacity":"","overlay-gradient":""},"mobile":{"background-color":"","background-image":"","background-repeat":"repeat","background-position":"center center","background-size":"auto","background-attachment":"scroll","background-type":"","background-media":"","overlay-type":"","overlay-color":"","overlay-opacity":"","overlay-gradient":""}},"ast-content-background-meta":{"desktop":{"background-color":"var(--ast-global-color-5)","background-image":"","background-repeat":"repeat","background-position":"center center","background-size":"auto","background-attachment":"scroll","background-type":"","background-media":"","overlay-type":"","overlay-color":"","overlay-opacity":"","overlay-gradient":""},"tablet":{"background-color":"var(--ast-global-color-5)","background-image":"","background-repeat":"repeat","background-position":"center center","background-size":"auto","background-attachment":"scroll","background-type":"","background-media":"","overlay-type":"","overlay-color":"","overlay-opacity":"","overlay-gradient":""},"mobile":{"background-color":"var(--ast-global-color-5)","background-image":"","background-repeat":"repeat","background-position":"center center","background-size":"auto","background-attachment":"scroll","background-type":"","background-media":"","overlay-type":"","overlay-color":"","overlay-opacity":"","overlay-gradient":""}},"advanced_seo_description":"","jetpack_seo_html_title":"","jetpack_seo_noindex":false,"footnotes":""},"class_list":["post-2459","page","type-page","status-publish","hentry"],"jetpack_sharing_enabled":true,"_links":{"self":[{"href":"https:\/\/www.clhb.info\/wpr\/wp-json\/wp\/v2\/pages\/2459","targetHints":{"allow":["GET"]}}],"collection":[{"href":"https:\/\/www.clhb.info\/wpr\/wp-json\/wp\/v2\/pages"}],"about":[{"href":"https:\/\/www.clhb.info\/wpr\/wp-json\/wp\/v2\/types\/page"}],"author":[{"embeddable":true,"href":"https:\/\/www.clhb.info\/wpr\/wp-json\/wp\/v2\/users\/6"}],"replies":[{"embeddable":true,"href":"https:\/\/www.clhb.info\/wpr\/wp-json\/wp\/v2\/comments?post=2459"}],"version-history":[{"count":115,"href":"https:\/\/www.clhb.info\/wpr\/wp-json\/wp\/v2\/pages\/2459\/revisions"}],"predecessor-version":[{"id":3533,"href":"https:\/\/www.clhb.info\/wpr\/wp-json\/wp\/v2\/pages\/2459\/revisions\/3533"}],"wp:attachment":[{"href":"https:\/\/www.clhb.info\/wpr\/wp-json\/wp\/v2\/media?parent=2459"}],"curies":[{"name":"wp","href":"https:\/\/api.w.org\/{rel}","templated":true}]}}