{"id":2621,"date":"2025-05-02T09:25:43","date_gmt":"2025-05-02T07:25:43","guid":{"rendered":"https:\/\/www.clhb.info\/wpr\/?page_id=2621"},"modified":"2025-05-02T09:29:36","modified_gmt":"2025-05-02T07:29:36","slug":"objets-trouves-perdus","status":"publish","type":"page","link":"https:\/\/www.clhb.info\/wpr\/objets-trouves-perdus\/","title":{"rendered":"Objets trouv\u00e9s \/ perdus"},"content":{"rendered":"\t\t<div data-elementor-type=\"wp-page\" data-elementor-id=\"2621\" class=\"elementor elementor-2621\">\n\t\t\t\t<div class=\"elementor-element elementor-element-8969e0d e-flex e-con-boxed e-con e-parent\" data-id=\"8969e0d\" data-element_type=\"container\">\n\t\t\t\t\t<div class=\"e-con-inner\">\n\t\t\t\t<div class=\"elementor-element elementor-element-0a9dc4b elementor-widget elementor-widget-image\" data-id=\"0a9dc4b\" data-element_type=\"widget\" data-widget_type=\"image.default\">\n\t\t\t\t<div class=\"elementor-widget-container\">\n\t\t\t\t\t\t\t\t\t\t\t\t\t\t\t<img decoding=\"async\" width=\"300\" height=\"68\" src=\"https:\/\/www.clhb.info\/wpr\/wp-content\/uploads\/2025\/05\/CLHB_Objets_Trouves_Perdus-300x68.jpg\" class=\"attachment-medium size-medium wp-image-2623\" alt=\"\" srcset=\"https:\/\/www.clhb.info\/wpr\/wp-content\/uploads\/2025\/05\/CLHB_Objets_Trouves_Perdus-300x68.jpg 300w, https:\/\/www.clhb.info\/wpr\/wp-content\/uploads\/2025\/05\/CLHB_Objets_Trouves_Perdus-1024x232.jpg 1024w, https:\/\/www.clhb.info\/wpr\/wp-content\/uploads\/2025\/05\/CLHB_Objets_Trouves_Perdus-150x34.jpg 150w, https:\/\/www.clhb.info\/wpr\/wp-content\/uploads\/2025\/05\/CLHB_Objets_Trouves_Perdus-768x174.jpg 768w, https:\/\/www.clhb.info\/wpr\/wp-content\/uploads\/2025\/05\/CLHB_Objets_Trouves_Perdus.jpg 1438w\" sizes=\"(max-width: 300px) 100vw, 300px\" \/>\t\t\t\t\t\t\t\t\t\t\t\t\t\t\t<\/div>\n\t\t\t\t<\/div>\n\t\t\t\t\t<\/div>\n\t\t\t\t<\/div>\n\t\t<div class=\"elementor-element elementor-element-ae0a246 e-flex e-con-boxed e-con e-parent\" data-id=\"ae0a246\" data-element_type=\"container\">\n\t\t\t\t\t<div class=\"e-con-inner\">\n\t\t\t\t<div class=\"elementor-element elementor-element-122728d elementor-widget elementor-widget-text-editor\" data-id=\"122728d\" data-element_type=\"widget\" data-widget_type=\"text-editor.default\">\n\t\t\t\t<div class=\"elementor-widget-container\">\n\t\t\t\t\t\t\t\t\t<p>Bonjour, voici la liste des <strong>objets trouv\u00e9s<\/strong> dans nos salles ou lors des \u00e9v\u00e8nements du club\u00a0 ! <img decoding=\"async\" class=\"an1\" style=\"height: 25px; width: 25px; color: #222222; font-family: Arial, Helvetica, sans-serif; font-size: small;\" draggable=\"false\" src=\"https:\/\/fonts.gstatic.com\/s\/e\/notoemoji\/16.0\/1f9d0\/32.png\" alt=\"\ud83e\uddd0\" data-emoji=\"\ud83e\uddd0\" aria-label=\"\ud83e\uddd0\" \/><\/p><p>Idem, si vous \u00eates certains d&rsquo;avoir perdu quelque chose dans une salle , faites nous signe \u00e0 cette adresse:<strong>clhb.communication@gmail.com <\/strong>avec ces informations<\/p><p>[nom &#8211; pr\u00e9nom \/ date et lieu de la perte \/ description de l&rsquo;objet avec photo id\u00e9alement]<\/p><p>Bonne journ\u00e9e\u00a0<\/p><p><span style=\"text-decoration: underline;\">Liste des objets trouv\u00e9s :<\/span><\/p><p><strong><em>Salle de Kerlouan:<\/em><\/strong><\/p><p><strong><em>Salle de P13:<\/em><\/strong><\/p><p><strong><em>Salle de Guisseny:<\/em><\/strong><\/p><p><span style=\"text-decoration: underline;\">Recherche objets perdus :<\/span><\/p>\t\t\t\t\t\t\t\t<\/div>\n\t\t\t\t<\/div>\n\t\t\t\t\t<\/div>\n\t\t\t\t<\/div>\n\t\t\t\t<\/div>\n\t\t","protected":false},"excerpt":{"rendered":"<p>Bonjour, voici la liste des objets trouv\u00e9s dans nos salles ou lors des \u00e9v\u00e8nements du club\u00a0 ! Idem, si vous [&hellip;]<\/p>\n","protected":false},"author":6,"featured_media":2623,"parent":0,"menu_order":0,"comment_status":"closed","ping_status":"closed","template":"","meta":{"site-sidebar-layout":"no-sidebar","site-content-layout":"","ast-site-content-layout":"full-width-container","site-content-style":"default","site-sidebar-style":"default","ast-global-header-display":"","ast-banner-title-visibility":"","ast-main-header-display":"","ast-hfb-above-header-display":"","ast-hfb-below-header-display":"","ast-hfb-mobile-header-display":"","site-post-title":"disabled","ast-breadcrumbs-content":"","ast-featured-img":"disabled","footer-sml-layout":"","theme-transparent-header-meta":"","adv-header-id-meta":"","stick-header-meta":"","header-above-stick-meta":"","header-main-stick-meta":"","header-below-stick-meta":"","astra-migrate-meta-layouts":"default","ast-page-background-enabled":"default","ast-page-background-meta":{"desktop":{"background-color":"var(--ast-global-color-4)","background-image":"","background-repeat":"repeat","background-position":"center center","background-size":"auto","background-attachment":"scroll","background-type":"","background-media":"","overlay-type":"","overlay-color":"","overlay-opacity":"","overlay-gradient":""},"tablet":{"background-color":"","background-image":"","background-repeat":"repeat","background-position":"center center","background-size":"auto","background-attachment":"scroll","background-type":"","background-media":"","overlay-type":"","overlay-color":"","overlay-opacity":"","overlay-gradient":""},"mobile":{"background-color":"","background-image":"","background-repeat":"repeat","background-position":"center center","background-size":"auto","background-attachment":"scroll","background-type":"","background-media":"","overlay-type":"","overlay-color":"","overlay-opacity":"","overlay-gradient":""}},"ast-content-background-meta":{"desktop":{"background-color":"var(--ast-global-color-5)","background-image":"","background-repeat":"repeat","background-position":"center center","background-size":"auto","background-attachment":"scroll","background-type":"","background-media":"","overlay-type":"","overlay-color":"","overlay-opacity":"","overlay-gradient":""},"tablet":{"background-color":"var(--ast-global-color-5)","background-image":"","background-repeat":"repeat","background-position":"center center","background-size":"auto","background-attachment":"scroll","background-type":"","background-media":"","overlay-type":"","overlay-color":"","overlay-opacity":"","overlay-gradient":""},"mobile":{"background-color":"var(--ast-global-color-5)","background-image":"","background-repeat":"repeat","background-position":"center center","background-size":"auto","background-attachment":"scroll","background-type":"","background-media":"","overlay-type":"","overlay-color":"","overlay-opacity":"","overlay-gradient":""}},"advanced_seo_description":"","jetpack_seo_html_title":"","jetpack_seo_noindex":false,"footnotes":""},"class_list":["post-2621","page","type-page","status-publish","has-post-thumbnail","hentry"],"jetpack_sharing_enabled":true,"_links":{"self":[{"href":"https:\/\/www.clhb.info\/wpr\/wp-json\/wp\/v2\/pages\/2621","targetHints":{"allow":["GET"]}}],"collection":[{"href":"https:\/\/www.clhb.info\/wpr\/wp-json\/wp\/v2\/pages"}],"about":[{"href":"https:\/\/www.clhb.info\/wpr\/wp-json\/wp\/v2\/types\/page"}],"author":[{"embeddable":true,"href":"https:\/\/www.clhb.info\/wpr\/wp-json\/wp\/v2\/users\/6"}],"replies":[{"embeddable":true,"href":"https:\/\/www.clhb.info\/wpr\/wp-json\/wp\/v2\/comments?post=2621"}],"version-history":[{"count":5,"href":"https:\/\/www.clhb.info\/wpr\/wp-json\/wp\/v2\/pages\/2621\/revisions"}],"predecessor-version":[{"id":3057,"href":"https:\/\/www.clhb.info\/wpr\/wp-json\/wp\/v2\/pages\/2621\/revisions\/3057"}],"wp:featuredmedia":[{"embeddable":true,"href":"https:\/\/www.clhb.info\/wpr\/wp-json\/wp\/v2\/media\/2623"}],"wp:attachment":[{"href":"https:\/\/www.clhb.info\/wpr\/wp-json\/wp\/v2\/media?parent=2621"}],"curies":[{"name":"wp","href":"https:\/\/api.w.org\/{rel}","templated":true}]}}