{"id":278,"date":"2023-03-29T16:25:13","date_gmt":"2023-03-29T14:25:13","guid":{"rendered":"http:\/\/www.clhb.info\/wpr\/?page_id=278"},"modified":"2024-10-05T09:34:57","modified_gmt":"2024-10-05T07:34:57","slug":"photos-equipes-saison-2022-2023","status":"publish","type":"page","link":"https:\/\/www.clhb.info\/wpr\/photos-equipes-saison-2022-2023\/","title":{"rendered":"Photos \u00e9quipes saison 2022\/2023"},"content":{"rendered":"\t\t<div data-elementor-type=\"wp-page\" data-elementor-id=\"278\" class=\"elementor elementor-278\">\n\t\t\t\t<div class=\"elementor-element elementor-element-6da8318 e-flex e-con-boxed e-con e-parent\" data-id=\"6da8318\" data-element_type=\"container\">\n\t\t\t\t\t<div class=\"e-con-inner\">\n\t\t\t\t<div class=\"elementor-element elementor-element-02c838d elementor-widget elementor-widget-image-gallery\" data-id=\"02c838d\" data-element_type=\"widget\" data-widget_type=\"image-gallery.default\">\n\t\t\t\t<div class=\"elementor-widget-container\">\n\t\t\t\t\t\t\t<div class=\"elementor-image-gallery\">\n\t\t\t<div id='gallery-1' class='gallery galleryid-278 gallery-columns-2 gallery-size-large'><figure class='gallery-item'>\n\t\t\t<div class='gallery-icon landscape'>\n\t\t\t\t<img fetchpriority=\"high\" decoding=\"async\" width=\"1024\" height=\"768\" src=\"https:\/\/www.clhb.info\/wpr\/wp-content\/uploads\/2023\/03\/308994138_1129906260951055_8505775518390235062_n-1024x768.jpg\" class=\"attachment-large size-large\" alt=\"\" aria-describedby=\"gallery-1-282\" srcset=\"https:\/\/www.clhb.info\/wpr\/wp-content\/uploads\/2023\/03\/308994138_1129906260951055_8505775518390235062_n-1024x768.jpg 1024w, https:\/\/www.clhb.info\/wpr\/wp-content\/uploads\/2023\/03\/308994138_1129906260951055_8505775518390235062_n-300x225.jpg 300w, https:\/\/www.clhb.info\/wpr\/wp-content\/uploads\/2023\/03\/308994138_1129906260951055_8505775518390235062_n-150x113.jpg 150w, https:\/\/www.clhb.info\/wpr\/wp-content\/uploads\/2023\/03\/308994138_1129906260951055_8505775518390235062_n-768x576.jpg 768w, https:\/\/www.clhb.info\/wpr\/wp-content\/uploads\/2023\/03\/308994138_1129906260951055_8505775518390235062_n-1536x1152.jpg 1536w, https:\/\/www.clhb.info\/wpr\/wp-content\/uploads\/2023\/03\/308994138_1129906260951055_8505775518390235062_n.jpg 1944w\" sizes=\"(max-width: 1024px) 100vw, 1024px\" \/>\n\t\t\t<\/div>\n\t\t\t\t<figcaption class='wp-caption-text gallery-caption' id='gallery-1-282'>\n\t\t\t\t-13 Filles\n\t\t\t\t<\/figcaption><\/figure><figure class='gallery-item'>\n\t\t\t<div class='gallery-icon landscape'>\n\t\t\t\t<img decoding=\"async\" width=\"1024\" height=\"768\" src=\"https:\/\/www.clhb.info\/wpr\/wp-content\/uploads\/2023\/03\/IMG-2783-1024x768.jpg\" class=\"attachment-large size-large\" alt=\"\" aria-describedby=\"gallery-1-294\" srcset=\"https:\/\/www.clhb.info\/wpr\/wp-content\/uploads\/2023\/03\/IMG-2783-1024x768.jpg 1024w, https:\/\/www.clhb.info\/wpr\/wp-content\/uploads\/2023\/03\/IMG-2783-300x225.jpg 300w, https:\/\/www.clhb.info\/wpr\/wp-content\/uploads\/2023\/03\/IMG-2783-150x113.jpg 150w, https:\/\/www.clhb.info\/wpr\/wp-content\/uploads\/2023\/03\/IMG-2783-768x576.jpg 768w, https:\/\/www.clhb.info\/wpr\/wp-content\/uploads\/2023\/03\/IMG-2783-1536x1152.jpg 1536w, https:\/\/www.clhb.info\/wpr\/wp-content\/uploads\/2023\/03\/IMG-2783.jpg 1944w\" sizes=\"(max-width: 1024px) 100vw, 1024px\" \/>\n\t\t\t<\/div>\n\t\t\t\t<figcaption class='wp-caption-text gallery-caption' id='gallery-1-294'>\n\t\t\t\tLoisirs\n\t\t\t\t<\/figcaption><\/figure><figure class='gallery-item'>\n\t\t\t<div class='gallery-icon landscape'>\n\t\t\t\t<img decoding=\"async\" width=\"1024\" height=\"768\" src=\"https:\/\/www.clhb.info\/wpr\/wp-content\/uploads\/2023\/03\/IMG-1787-1-1024x768.jpg\" class=\"attachment-large size-large\" alt=\"\" aria-describedby=\"gallery-1-293\" srcset=\"https:\/\/www.clhb.info\/wpr\/wp-content\/uploads\/2023\/03\/IMG-1787-1-1024x768.jpg 1024w, https:\/\/www.clhb.info\/wpr\/wp-content\/uploads\/2023\/03\/IMG-1787-1-300x225.jpg 300w, https:\/\/www.clhb.info\/wpr\/wp-content\/uploads\/2023\/03\/IMG-1787-1-150x113.jpg 150w, https:\/\/www.clhb.info\/wpr\/wp-content\/uploads\/2023\/03\/IMG-1787-1-768x576.jpg 768w, https:\/\/www.clhb.info\/wpr\/wp-content\/uploads\/2023\/03\/IMG-1787-1-1536x1152.jpg 1536w, https:\/\/www.clhb.info\/wpr\/wp-content\/uploads\/2023\/03\/IMG-1787-1-2048x1536.jpg 2048w\" sizes=\"(max-width: 1024px) 100vw, 1024px\" \/>\n\t\t\t<\/div>\n\t\t\t\t<figcaption class='wp-caption-text gallery-caption' id='gallery-1-293'>\n\t\t\t\t-15 Filles 2\n\t\t\t\t<\/figcaption><\/figure><figure class='gallery-item'>\n\t\t\t<div class='gallery-icon landscape'>\n\t\t\t\t<img loading=\"lazy\" decoding=\"async\" width=\"1024\" height=\"768\" src=\"https:\/\/www.clhb.info\/wpr\/wp-content\/uploads\/2023\/03\/image_50416897-1024x768.jpg\" class=\"attachment-large size-large\" alt=\"\" aria-describedby=\"gallery-1-292\" srcset=\"https:\/\/www.clhb.info\/wpr\/wp-content\/uploads\/2023\/03\/image_50416897-1024x768.jpg 1024w, https:\/\/www.clhb.info\/wpr\/wp-content\/uploads\/2023\/03\/image_50416897-300x225.jpg 300w, https:\/\/www.clhb.info\/wpr\/wp-content\/uploads\/2023\/03\/image_50416897-150x113.jpg 150w, https:\/\/www.clhb.info\/wpr\/wp-content\/uploads\/2023\/03\/image_50416897-768x576.jpg 768w, https:\/\/www.clhb.info\/wpr\/wp-content\/uploads\/2023\/03\/image_50416897-1536x1152.jpg 1536w, https:\/\/www.clhb.info\/wpr\/wp-content\/uploads\/2023\/03\/image_50416897-2048x1536.jpg 2048w\" sizes=\"(max-width: 1024px) 100vw, 1024px\" \/>\n\t\t\t<\/div>\n\t\t\t\t<figcaption class='wp-caption-text gallery-caption' id='gallery-1-292'>\n\t\t\t\tBaby hand\n\t\t\t\t<\/figcaption><\/figure><figure class='gallery-item'>\n\t\t\t<div class='gallery-icon landscape'>\n\t\t\t\t<img loading=\"lazy\" decoding=\"async\" width=\"827\" height=\"819\" src=\"https:\/\/www.clhb.info\/wpr\/wp-content\/uploads\/2023\/03\/image_6487327-1.jpg\" class=\"attachment-large size-large\" alt=\"\" aria-describedby=\"gallery-1-290\" srcset=\"https:\/\/www.clhb.info\/wpr\/wp-content\/uploads\/2023\/03\/image_6487327-1.jpg 827w, https:\/\/www.clhb.info\/wpr\/wp-content\/uploads\/2023\/03\/image_6487327-1-300x297.jpg 300w, https:\/\/www.clhb.info\/wpr\/wp-content\/uploads\/2023\/03\/image_6487327-1-150x149.jpg 150w, https:\/\/www.clhb.info\/wpr\/wp-content\/uploads\/2023\/03\/image_6487327-1-768x761.jpg 768w\" sizes=\"(max-width: 827px) 100vw, 827px\" \/>\n\t\t\t<\/div>\n\t\t\t\t<figcaption class='wp-caption-text gallery-caption' id='gallery-1-290'>\n\t\t\t\t-18 Filles\n\t\t\t\t<\/figcaption><\/figure><figure class='gallery-item'>\n\t\t\t<div class='gallery-icon landscape'>\n\t\t\t\t<img loading=\"lazy\" decoding=\"async\" width=\"1024\" height=\"768\" src=\"https:\/\/www.clhb.info\/wpr\/wp-content\/uploads\/2023\/03\/fa36989d-f1d4-45ff-a9cb-0edb82ec1897-1024x768.jpg\" class=\"attachment-large size-large\" alt=\"\" aria-describedby=\"gallery-1-289\" srcset=\"https:\/\/www.clhb.info\/wpr\/wp-content\/uploads\/2023\/03\/fa36989d-f1d4-45ff-a9cb-0edb82ec1897-1024x768.jpg 1024w, https:\/\/www.clhb.info\/wpr\/wp-content\/uploads\/2023\/03\/fa36989d-f1d4-45ff-a9cb-0edb82ec1897-300x225.jpg 300w, https:\/\/www.clhb.info\/wpr\/wp-content\/uploads\/2023\/03\/fa36989d-f1d4-45ff-a9cb-0edb82ec1897-150x113.jpg 150w, https:\/\/www.clhb.info\/wpr\/wp-content\/uploads\/2023\/03\/fa36989d-f1d4-45ff-a9cb-0edb82ec1897-768x576.jpg 768w, https:\/\/www.clhb.info\/wpr\/wp-content\/uploads\/2023\/03\/fa36989d-f1d4-45ff-a9cb-0edb82ec1897-1536x1152.jpg 1536w, https:\/\/www.clhb.info\/wpr\/wp-content\/uploads\/2023\/03\/fa36989d-f1d4-45ff-a9cb-0edb82ec1897.jpg 1600w\" sizes=\"(max-width: 1024px) 100vw, 1024px\" \/>\n\t\t\t<\/div>\n\t\t\t\t<figcaption class='wp-caption-text gallery-caption' id='gallery-1-289'>\n\t\t\t\tD\u00e9butants\n\t\t\t\t<\/figcaption><\/figure><figure class='gallery-item'>\n\t\t\t<div class='gallery-icon landscape'>\n\t\t\t\t<img loading=\"lazy\" decoding=\"async\" width=\"1024\" height=\"682\" src=\"https:\/\/www.clhb.info\/wpr\/wp-content\/uploads\/2023\/03\/DSC_7470-1024x682.jpg\" class=\"attachment-large size-large\" alt=\"\" aria-describedby=\"gallery-1-288\" srcset=\"https:\/\/www.clhb.info\/wpr\/wp-content\/uploads\/2023\/03\/DSC_7470-1024x682.jpg 1024w, https:\/\/www.clhb.info\/wpr\/wp-content\/uploads\/2023\/03\/DSC_7470-300x200.jpg 300w, https:\/\/www.clhb.info\/wpr\/wp-content\/uploads\/2023\/03\/DSC_7470-150x100.jpg 150w, https:\/\/www.clhb.info\/wpr\/wp-content\/uploads\/2023\/03\/DSC_7470-768x512.jpg 768w, https:\/\/www.clhb.info\/wpr\/wp-content\/uploads\/2023\/03\/DSC_7470-1536x1024.jpg 1536w, https:\/\/www.clhb.info\/wpr\/wp-content\/uploads\/2023\/03\/DSC_7470.jpg 1988w\" sizes=\"(max-width: 1024px) 100vw, 1024px\" \/>\n\t\t\t<\/div>\n\t\t\t\t<figcaption class='wp-caption-text gallery-caption' id='gallery-1-288'>\n\t\t\t\tS\u00e9niors Filles 1\n\t\t\t\t<\/figcaption><\/figure><figure class='gallery-item'>\n\t\t\t<div class='gallery-icon landscape'>\n\t\t\t\t<img loading=\"lazy\" decoding=\"async\" width=\"1024\" height=\"683\" src=\"https:\/\/www.clhb.info\/wpr\/wp-content\/uploads\/2023\/03\/DSC_03191-1024x683.jpg\" class=\"attachment-large size-large\" alt=\"\" aria-describedby=\"gallery-1-287\" srcset=\"https:\/\/www.clhb.info\/wpr\/wp-content\/uploads\/2023\/03\/DSC_03191-1024x683.jpg 1024w, https:\/\/www.clhb.info\/wpr\/wp-content\/uploads\/2023\/03\/DSC_03191-300x200.jpg 300w, https:\/\/www.clhb.info\/wpr\/wp-content\/uploads\/2023\/03\/DSC_03191-150x100.jpg 150w, https:\/\/www.clhb.info\/wpr\/wp-content\/uploads\/2023\/03\/DSC_03191-768x512.jpg 768w, https:\/\/www.clhb.info\/wpr\/wp-content\/uploads\/2023\/03\/DSC_03191-1536x1024.jpg 1536w, https:\/\/www.clhb.info\/wpr\/wp-content\/uploads\/2023\/03\/DSC_03191.jpg 1600w\" sizes=\"(max-width: 1024px) 100vw, 1024px\" \/>\n\t\t\t<\/div>\n\t\t\t\t<figcaption class='wp-caption-text gallery-caption' id='gallery-1-287'>\n\t\t\t\tSeniors Gar\u00e7ons\n\t\t\t\t<\/figcaption><\/figure><figure class='gallery-item'>\n\t\t\t<div class='gallery-icon landscape'>\n\t\t\t\t<img loading=\"lazy\" decoding=\"async\" width=\"1024\" height=\"768\" src=\"https:\/\/www.clhb.info\/wpr\/wp-content\/uploads\/2023\/03\/310232521_420369610179836_8300849505859808923_n-1024x768.jpg\" class=\"attachment-large size-large\" alt=\"\" aria-describedby=\"gallery-1-285\" srcset=\"https:\/\/www.clhb.info\/wpr\/wp-content\/uploads\/2023\/03\/310232521_420369610179836_8300849505859808923_n-1024x768.jpg 1024w, https:\/\/www.clhb.info\/wpr\/wp-content\/uploads\/2023\/03\/310232521_420369610179836_8300849505859808923_n-300x225.jpg 300w, https:\/\/www.clhb.info\/wpr\/wp-content\/uploads\/2023\/03\/310232521_420369610179836_8300849505859808923_n-150x113.jpg 150w, https:\/\/www.clhb.info\/wpr\/wp-content\/uploads\/2023\/03\/310232521_420369610179836_8300849505859808923_n-768x576.jpg 768w, https:\/\/www.clhb.info\/wpr\/wp-content\/uploads\/2023\/03\/310232521_420369610179836_8300849505859808923_n-1536x1152.jpg 1536w, https:\/\/www.clhb.info\/wpr\/wp-content\/uploads\/2023\/03\/310232521_420369610179836_8300849505859808923_n.jpg 2048w\" sizes=\"(max-width: 1024px) 100vw, 1024px\" \/>\n\t\t\t<\/div>\n\t\t\t\t<figcaption class='wp-caption-text gallery-caption' id='gallery-1-285'>\n\t\t\t\t-13 Gar\u00e7ons\n\t\t\t\t<\/figcaption><\/figure><figure class='gallery-item'>\n\t\t\t<div class='gallery-icon landscape'>\n\t\t\t\t<img loading=\"lazy\" decoding=\"async\" width=\"1024\" height=\"768\" src=\"https:\/\/www.clhb.info\/wpr\/wp-content\/uploads\/2023\/03\/309464806_1559982571089318_2333622058701009116_n-1024x768.jpg\" class=\"attachment-large size-large\" alt=\"\" aria-describedby=\"gallery-1-284\" srcset=\"https:\/\/www.clhb.info\/wpr\/wp-content\/uploads\/2023\/03\/309464806_1559982571089318_2333622058701009116_n-1024x768.jpg 1024w, https:\/\/www.clhb.info\/wpr\/wp-content\/uploads\/2023\/03\/309464806_1559982571089318_2333622058701009116_n-300x225.jpg 300w, https:\/\/www.clhb.info\/wpr\/wp-content\/uploads\/2023\/03\/309464806_1559982571089318_2333622058701009116_n-150x113.jpg 150w, https:\/\/www.clhb.info\/wpr\/wp-content\/uploads\/2023\/03\/309464806_1559982571089318_2333622058701009116_n-768x576.jpg 768w, https:\/\/www.clhb.info\/wpr\/wp-content\/uploads\/2023\/03\/309464806_1559982571089318_2333622058701009116_n-1536x1152.jpg 1536w, https:\/\/www.clhb.info\/wpr\/wp-content\/uploads\/2023\/03\/309464806_1559982571089318_2333622058701009116_n.jpg 1944w\" sizes=\"(max-width: 1024px) 100vw, 1024px\" \/>\n\t\t\t<\/div>\n\t\t\t\t<figcaption class='wp-caption-text gallery-caption' id='gallery-1-284'>\n\t\t\t\t-11 Mixtes\n\t\t\t\t<\/figcaption><\/figure><figure class='gallery-item'>\n\t\t\t<div class='gallery-icon portrait'>\n\t\t\t\t<img loading=\"lazy\" decoding=\"async\" width=\"768\" height=\"1024\" src=\"https:\/\/www.clhb.info\/wpr\/wp-content\/uploads\/2023\/03\/888542c9-e33b-43e9-938b-39ff683c11ca-768x1024.jpg\" class=\"attachment-large size-large\" alt=\"\" srcset=\"https:\/\/www.clhb.info\/wpr\/wp-content\/uploads\/2023\/03\/888542c9-e33b-43e9-938b-39ff683c11ca-768x1024.jpg 768w, https:\/\/www.clhb.info\/wpr\/wp-content\/uploads\/2023\/03\/888542c9-e33b-43e9-938b-39ff683c11ca-225x300.jpg 225w, https:\/\/www.clhb.info\/wpr\/wp-content\/uploads\/2023\/03\/888542c9-e33b-43e9-938b-39ff683c11ca-150x200.jpg 150w, https:\/\/www.clhb.info\/wpr\/wp-content\/uploads\/2023\/03\/888542c9-e33b-43e9-938b-39ff683c11ca-1152x1536.jpg 1152w, https:\/\/www.clhb.info\/wpr\/wp-content\/uploads\/2023\/03\/888542c9-e33b-43e9-938b-39ff683c11ca.jpg 1200w\" sizes=\"(max-width: 768px) 100vw, 768px\" \/>\n\t\t\t<\/div><\/figure><figure class='gallery-item'>\n\t\t\t<div class='gallery-icon landscape'>\n\t\t\t\t<img loading=\"lazy\" decoding=\"async\" width=\"838\" height=\"540\" src=\"https:\/\/www.clhb.info\/wpr\/wp-content\/uploads\/2023\/03\/286B5BAE-4AFA-4D8F-B786-F82CECF98EC7.jpg\" class=\"attachment-large size-large\" alt=\"\" srcset=\"https:\/\/www.clhb.info\/wpr\/wp-content\/uploads\/2023\/03\/286B5BAE-4AFA-4D8F-B786-F82CECF98EC7.jpg 838w, https:\/\/www.clhb.info\/wpr\/wp-content\/uploads\/2023\/03\/286B5BAE-4AFA-4D8F-B786-F82CECF98EC7-300x193.jpg 300w, https:\/\/www.clhb.info\/wpr\/wp-content\/uploads\/2023\/03\/286B5BAE-4AFA-4D8F-B786-F82CECF98EC7-150x97.jpg 150w, https:\/\/www.clhb.info\/wpr\/wp-content\/uploads\/2023\/03\/286B5BAE-4AFA-4D8F-B786-F82CECF98EC7-768x495.jpg 768w\" sizes=\"(max-width: 838px) 100vw, 838px\" \/>\n\t\t\t<\/div><\/figure><figure class='gallery-item'>\n\t\t\t<div class='gallery-icon landscape'>\n\t\t\t\t<img loading=\"lazy\" decoding=\"async\" width=\"1024\" height=\"768\" src=\"https:\/\/www.clhb.info\/wpr\/wp-content\/uploads\/2023\/03\/9d6058a1-2c45-4856-994f-f979008cc200-1-1024x768.jpg\" class=\"attachment-large size-large\" alt=\"\" srcset=\"https:\/\/www.clhb.info\/wpr\/wp-content\/uploads\/2023\/03\/9d6058a1-2c45-4856-994f-f979008cc200-1-1024x768.jpg 1024w, https:\/\/www.clhb.info\/wpr\/wp-content\/uploads\/2023\/03\/9d6058a1-2c45-4856-994f-f979008cc200-1-300x225.jpg 300w, https:\/\/www.clhb.info\/wpr\/wp-content\/uploads\/2023\/03\/9d6058a1-2c45-4856-994f-f979008cc200-1-150x113.jpg 150w, https:\/\/www.clhb.info\/wpr\/wp-content\/uploads\/2023\/03\/9d6058a1-2c45-4856-994f-f979008cc200-1-768x576.jpg 768w, https:\/\/www.clhb.info\/wpr\/wp-content\/uploads\/2023\/03\/9d6058a1-2c45-4856-994f-f979008cc200-1-1536x1152.jpg 1536w, https:\/\/www.clhb.info\/wpr\/wp-content\/uploads\/2023\/03\/9d6058a1-2c45-4856-994f-f979008cc200-1.jpg 1600w\" sizes=\"(max-width: 1024px) 100vw, 1024px\" \/>\n\t\t\t<\/div><\/figure><figure class='gallery-item'>\n\t\t\t<div class='gallery-icon landscape'>\n\t\t\t\t<img loading=\"lazy\" decoding=\"async\" width=\"1024\" height=\"768\" src=\"https:\/\/www.clhb.info\/wpr\/wp-content\/uploads\/2023\/03\/309443765_791332368585996_5955421243904693971_n-1024x768.jpg\" class=\"attachment-large size-large\" alt=\"\" aria-describedby=\"gallery-1-283\" srcset=\"https:\/\/www.clhb.info\/wpr\/wp-content\/uploads\/2023\/03\/309443765_791332368585996_5955421243904693971_n-1024x768.jpg 1024w, https:\/\/www.clhb.info\/wpr\/wp-content\/uploads\/2023\/03\/309443765_791332368585996_5955421243904693971_n-300x225.jpg 300w, https:\/\/www.clhb.info\/wpr\/wp-content\/uploads\/2023\/03\/309443765_791332368585996_5955421243904693971_n-150x113.jpg 150w, https:\/\/www.clhb.info\/wpr\/wp-content\/uploads\/2023\/03\/309443765_791332368585996_5955421243904693971_n-768x576.jpg 768w, https:\/\/www.clhb.info\/wpr\/wp-content\/uploads\/2023\/03\/309443765_791332368585996_5955421243904693971_n-1536x1152.jpg 1536w, https:\/\/www.clhb.info\/wpr\/wp-content\/uploads\/2023\/03\/309443765_791332368585996_5955421243904693971_n.jpg 1944w\" sizes=\"(max-width: 1024px) 100vw, 1024px\" \/>\n\t\t\t<\/div>\n\t\t\t\t<figcaption class='wp-caption-text gallery-caption' id='gallery-1-283'>\n\t\t\t\t-15 Filles 1\n\t\t\t\t<\/figcaption><\/figure><figure class='gallery-item'>\n\t\t\t<div class='gallery-icon landscape'>\n\t\t\t\t<img loading=\"lazy\" decoding=\"async\" width=\"818\" height=\"550\" src=\"https:\/\/www.clhb.info\/wpr\/wp-content\/uploads\/2024\/10\/Capture-decran-2024-10-05-090823.png\" class=\"attachment-large size-large\" alt=\"\" srcset=\"https:\/\/www.clhb.info\/wpr\/wp-content\/uploads\/2024\/10\/Capture-decran-2024-10-05-090823.png 818w, https:\/\/www.clhb.info\/wpr\/wp-content\/uploads\/2024\/10\/Capture-decran-2024-10-05-090823-300x202.png 300w, https:\/\/www.clhb.info\/wpr\/wp-content\/uploads\/2024\/10\/Capture-decran-2024-10-05-090823-150x101.png 150w, https:\/\/www.clhb.info\/wpr\/wp-content\/uploads\/2024\/10\/Capture-decran-2024-10-05-090823-768x516.png 768w\" sizes=\"(max-width: 818px) 100vw, 818px\" \/>\n\t\t\t<\/div><\/figure>\n\t\t<\/div>\n\t\t<\/div>\n\t\t\t\t\t\t<\/div>\n\t\t\t\t<\/div>\n\t\t\t\t\t<\/div>\n\t\t\t\t<\/div>\n\t\t\t\t<\/div>\n\t\t","protected":false},"excerpt":{"rendered":"<p>-13 Filles Loisirs -15 Filles 2 Baby hand -18 Filles D\u00e9butants S\u00e9niors Filles 1 Seniors Gar\u00e7ons -13 Gar\u00e7ons -11 Mixtes [&hellip;]<\/p>\n","protected":false},"author":6,"featured_media":0,"parent":0,"menu_order":0,"comment_status":"closed","ping_status":"closed","template":"","meta":{"site-sidebar-layout":"default","site-content-layout":"default","ast-site-content-layout":"default","site-content-style":"default","site-sidebar-style":"default","ast-global-header-display":"","ast-banner-title-visibility":"","ast-main-header-display":"","ast-hfb-above-header-display":"","ast-hfb-below-header-display":"","ast-hfb-mobile-header-display":"","site-post-title":"","ast-breadcrumbs-content":"","ast-featured-img":"","footer-sml-layout":"","theme-transparent-header-meta":"default","adv-header-id-meta":"","stick-header-meta":"","header-above-stick-meta":"","header-main-stick-meta":"","header-below-stick-meta":"","astra-migrate-meta-layouts":"default","ast-page-background-enabled":"default","ast-page-background-meta":{"desktop":{"background-color":"var(--ast-global-color-4)","background-image":"","background-repeat":"repeat","background-position":"center center","background-size":"auto","background-attachment":"scroll","background-type":"","background-media":"","overlay-type":"","overlay-color":"","overlay-opacity":"","overlay-gradient":""},"tablet":{"background-color":"","background-image":"","background-repeat":"repeat","background-position":"center center","background-size":"auto","background-attachment":"scroll","background-type":"","background-media":"","overlay-type":"","overlay-color":"","overlay-opacity":"","overlay-gradient":""},"mobile":{"background-color":"","background-image":"","background-repeat":"repeat","background-position":"center center","background-size":"auto","background-attachment":"scroll","background-type":"","background-media":"","overlay-type":"","overlay-color":"","overlay-opacity":"","overlay-gradient":""}},"ast-content-background-meta":{"desktop":{"background-color":"var(--ast-global-color-5)","background-image":"","background-repeat":"repeat","background-position":"center center","background-size":"auto","background-attachment":"scroll","background-type":"","background-media":"","overlay-type":"","overlay-color":"","overlay-opacity":"","overlay-gradient":""},"tablet":{"background-color":"var(--ast-global-color-5)","background-image":"","background-repeat":"repeat","background-position":"center center","background-size":"auto","background-attachment":"scroll","background-type":"","background-media":"","overlay-type":"","overlay-color":"","overlay-opacity":"","overlay-gradient":""},"mobile":{"background-color":"var(--ast-global-color-5)","background-image":"","background-repeat":"repeat","background-position":"center center","background-size":"auto","background-attachment":"scroll","background-type":"","background-media":"","overlay-type":"","overlay-color":"","overlay-opacity":"","overlay-gradient":""}},"advanced_seo_description":"","jetpack_seo_html_title":"","jetpack_seo_noindex":false,"footnotes":""},"class_list":["post-278","page","type-page","status-publish","hentry"],"jetpack_sharing_enabled":true,"_links":{"self":[{"href":"https:\/\/www.clhb.info\/wpr\/wp-json\/wp\/v2\/pages\/278","targetHints":{"allow":["GET"]}}],"collection":[{"href":"https:\/\/www.clhb.info\/wpr\/wp-json\/wp\/v2\/pages"}],"about":[{"href":"https:\/\/www.clhb.info\/wpr\/wp-json\/wp\/v2\/types\/page"}],"author":[{"embeddable":true,"href":"https:\/\/www.clhb.info\/wpr\/wp-json\/wp\/v2\/users\/6"}],"replies":[{"embeddable":true,"href":"https:\/\/www.clhb.info\/wpr\/wp-json\/wp\/v2\/comments?post=278"}],"version-history":[{"count":11,"href":"https:\/\/www.clhb.info\/wpr\/wp-json\/wp\/v2\/pages\/278\/revisions"}],"predecessor-version":[{"id":1663,"href":"https:\/\/www.clhb.info\/wpr\/wp-json\/wp\/v2\/pages\/278\/revisions\/1663"}],"wp:attachment":[{"href":"https:\/\/www.clhb.info\/wpr\/wp-json\/wp\/v2\/media?parent=278"}],"curies":[{"name":"wp","href":"https:\/\/api.w.org\/{rel}","templated":true}]}}