{"id":3175,"date":"2025-09-30T18:06:42","date_gmt":"2025-09-30T16:06:42","guid":{"rendered":"https:\/\/www.clhb.info\/wpr\/?page_id=3175"},"modified":"2026-04-18T20:39:32","modified_gmt":"2026-04-18T18:39:32","slug":"notre-histoire","status":"publish","type":"page","link":"https:\/\/www.clhb.info\/wpr\/notre-histoire\/","title":{"rendered":"Sur les traces du CLHB"},"content":{"rendered":"\n<p>Chaque club a son histoire&#8230; et la n\u00f4tre en vaut le d\u00e9tour !<br>Le C\u00f4te des L\u00e9gendes Handball, c\u2019est avant tout une aventure humaine qui a commenc\u00e9 en 2005. N\u00e9 de la passion du handball et de l\u2019envie de cr\u00e9er un club f\u00e9d\u00e9rateur sur notre territoire, le CLHB s\u2019est construit au fil des ann\u00e9es gr\u00e2ce \u00e0 l\u2019\u00e9nergie des joueurs, la d\u00e9termination des b\u00e9n\u00e9voles et l\u2019enthousiasme de ses supporters.<\/p>\n\n\n\n<p>Depuis ses d\u00e9buts modestes jusqu\u2019\u00e0 l\u2019organisation actuelle, le club n\u2019a cess\u00e9 de grandir : plus d\u2019\u00e9quipes, plus de licenci\u00e9s, plus d\u2019\u00e9v\u00e9nements\u2026 mais toujours le m\u00eame esprit qui nous anime : convivialit\u00e9, esprit d\u2019\u00e9quipe et d\u00e9passement de soi.<\/p>\n\n\n\n<p>Chaque saison a apport\u00e9 son lot de d\u00e9fis, de victoires, de rires et de souvenirs. C\u2019est cette histoire collective qui fait aujourd\u2019hui du CLHB un club pas comme les autres, profond\u00e9ment ancr\u00e9 dans la vie locale et tourn\u00e9 vers l\u2019avenir.<\/p>\n\n\n\n<p>\ud83d\udc49 Pr\u00eat \u00e0 remonter le temps ? Feuilletez notre carrousel et revivez les moments qui ont fait battre le coeur du club !<\/p>\n\n\n\n<div style=\"position: relative; width: 100%; height: 0; padding-top: 56.2500%;\n padding-bottom: 0; box-shadow: 0 2px 8px 0 rgba(63,69,81,0.16); margin-top: 1.6em; margin-bottom: 0.9em; overflow: hidden;\n border-radius: 8px; will-change: transform;\">\n  <iframe loading=\"lazy\" style=\"position: absolute; width: 100%; height: 100%; top: 0; left: 0; border: none; padding: 0;margin: 0;\"\n    src=\"https:\/\/www.canva.com\/design\/DAGysdg5aPY\/Gy0tjquqhhpt3K7qzxDl5w\/view?embed\" allowfullscreen=\"allowfullscreen\" allow=\"fullscreen\">\n  <\/iframe>\n<\/div>\n<a href=\"https:&#x2F;&#x2F;www.canva.com&#x2F;design&#x2F;DAGysdg5aPY&#x2F;Gy0tjquqhhpt3K7qzxDl5w&#x2F;view?utm_content=DAGysdg5aPY&amp;utm_campaign=designshare&amp;utm_medium=embeds&amp;utm_source=link\" target=\"_blank\" rel=\"noopener\">\n\n\n\n<p><\/p>\n","protected":false},"excerpt":{"rendered":"<p>Plongez dans l\u2019histoire du C\u00f4te des L\u00e9gendes Handball depuis sa cr\u00e9ation en 2005 : des d\u00e9buts du club aux moments forts qui ont marqu\u00e9 les saisons, d\u00e9couvrez comment le CLHB s\u2019est construit au fil des ann\u00e9es gr\u00e2ce \u00e0 la passion et \u00e0 l\u2019engagement de toute une famille.<\/p>\n","protected":false},"author":8,"featured_media":3196,"parent":0,"menu_order":0,"comment_status":"closed","ping_status":"closed","template":"","meta":{"site-sidebar-layout":"default","site-content-layout":"","ast-site-content-layout":"default","site-content-style":"default","site-sidebar-style":"default","ast-global-header-display":"","ast-banner-title-visibility":"","ast-main-header-display":"","ast-hfb-above-header-display":"","ast-hfb-below-header-display":"","ast-hfb-mobile-header-display":"","site-post-title":"","ast-breadcrumbs-content":"","ast-featured-img":"disabled","footer-sml-layout":"","theme-transparent-header-meta":"","adv-header-id-meta":"","stick-header-meta":"","header-above-stick-meta":"","header-main-stick-meta":"","header-below-stick-meta":"","astra-migrate-meta-layouts":"default","ast-page-background-enabled":"default","ast-page-background-meta":{"desktop":{"background-color":"var(--ast-global-color-4)","background-image":"","background-repeat":"repeat","background-position":"center center","background-size":"auto","background-attachment":"scroll","background-type":"","background-media":"","overlay-type":"","overlay-color":"","overlay-opacity":"","overlay-gradient":""},"tablet":{"background-color":"","background-image":"","background-repeat":"repeat","background-position":"center center","background-size":"auto","background-attachment":"scroll","background-type":"","background-media":"","overlay-type":"","overlay-color":"","overlay-opacity":"","overlay-gradient":""},"mobile":{"background-color":"","background-image":"","background-repeat":"repeat","background-position":"center center","background-size":"auto","background-attachment":"scroll","background-type":"","background-media":"","overlay-type":"","overlay-color":"","overlay-opacity":"","overlay-gradient":""}},"ast-content-background-meta":{"desktop":{"background-color":"var(--ast-global-color-5)","background-image":"","background-repeat":"repeat","background-position":"center center","background-size":"auto","background-attachment":"scroll","background-type":"","background-media":"","overlay-type":"","overlay-color":"","overlay-opacity":"","overlay-gradient":""},"tablet":{"background-color":"var(--ast-global-color-5)","background-image":"","background-repeat":"repeat","background-position":"center center","background-size":"auto","background-attachment":"scroll","background-type":"","background-media":"","overlay-type":"","overlay-color":"","overlay-opacity":"","overlay-gradient":""},"mobile":{"background-color":"var(--ast-global-color-5)","background-image":"","background-repeat":"repeat","background-position":"center center","background-size":"auto","background-attachment":"scroll","background-type":"","background-media":"","overlay-type":"","overlay-color":"","overlay-opacity":"","overlay-gradient":""}},"advanced_seo_description":"","jetpack_seo_html_title":"","jetpack_seo_noindex":false,"footnotes":""},"class_list":["post-3175","page","type-page","status-publish","has-post-thumbnail","hentry"],"jetpack_sharing_enabled":true,"_links":{"self":[{"href":"https:\/\/www.clhb.info\/wpr\/wp-json\/wp\/v2\/pages\/3175","targetHints":{"allow":["GET"]}}],"collection":[{"href":"https:\/\/www.clhb.info\/wpr\/wp-json\/wp\/v2\/pages"}],"about":[{"href":"https:\/\/www.clhb.info\/wpr\/wp-json\/wp\/v2\/types\/page"}],"author":[{"embeddable":true,"href":"https:\/\/www.clhb.info\/wpr\/wp-json\/wp\/v2\/users\/8"}],"replies":[{"embeddable":true,"href":"https:\/\/www.clhb.info\/wpr\/wp-json\/wp\/v2\/comments?post=3175"}],"version-history":[{"count":12,"href":"https:\/\/www.clhb.info\/wpr\/wp-json\/wp\/v2\/pages\/3175\/revisions"}],"predecessor-version":[{"id":3632,"href":"https:\/\/www.clhb.info\/wpr\/wp-json\/wp\/v2\/pages\/3175\/revisions\/3632"}],"wp:featuredmedia":[{"embeddable":true,"href":"https:\/\/www.clhb.info\/wpr\/wp-json\/wp\/v2\/media\/3196"}],"wp:attachment":[{"href":"https:\/\/www.clhb.info\/wpr\/wp-json\/wp\/v2\/media?parent=3175"}],"curies":[{"name":"wp","href":"https:\/\/api.w.org\/{rel}","templated":true}]}}