{"id":3657,"date":"2026-05-07T11:41:23","date_gmt":"2026-05-07T09:41:23","guid":{"rendered":"https:\/\/www.clhb.info\/wpr\/?page_id=3657"},"modified":"2026-05-07T11:51:33","modified_gmt":"2026-05-07T09:51:33","slug":"2026-05-31-sortie-club-bbh-vs-sambre-avesnois","status":"publish","type":"page","link":"https:\/\/www.clhb.info\/wpr\/2026-05-31-sortie-club-bbh-vs-sambre-avesnois\/","title":{"rendered":"2026\/05\/31 Sortie Club: BBH  vs Sambre Avesnois"},"content":{"rendered":"\t\t<div data-elementor-type=\"wp-page\" data-elementor-id=\"3657\" class=\"elementor elementor-3657\">\n\t\t\t\t<div class=\"elementor-element elementor-element-2613860 e-con-full e-flex e-con e-parent\" data-id=\"2613860\" data-element_type=\"container\">\n\t\t\t\t<div class=\"elementor-element elementor-element-15c7a42 elementor-widget elementor-widget-text-editor\" data-id=\"15c7a42\" data-element_type=\"widget\" data-widget_type=\"text-editor.default\">\n\t\t\t\t<div class=\"elementor-widget-container\">\n\t\t\t\t\t\t\t\t\t<div><div><span style=\"font-size: 16px;\">Bonjour \u00e0 tous,\u00a0<\/span><\/div><\/div><div>\u00a0<\/div><div>Le\u00a0<b>CLHB\u00a0<\/b>vous propose d&rsquo;assister \u00e0 la derni\u00e8re journ\u00e9e de championnat de France entre le<b> BBH (1\u00e8res actuellement\u00a0<\/b><img decoding=\"async\" style=\"background-color: #ffffff; font-size: 1rem; box-sizing: inherit; height: 1em !important; background-image: none !important;\" role=\"img\" draggable=\"false\" src=\"https:\/\/s.w.org\/images\/core\/emoji\/16.0.1\/svg\/1f4aa.svg\" alt=\"\ud83d\udcaa\" \/><b style=\"font-size: 1rem;\">) vs Sambre Avesnois<\/b><b style=\"font-size: 1rem;\">\u00a0le dimanche 31 Mai \u00e0 15H \u00e0 la salle de l&rsquo;ARENA \u00e0 Brest<\/b><span style=\"font-size: 1rem;\">.\u00a0<\/span><span style=\"font-size: 1rem; color: #000000;\">(m\u00eame fonctionnement que le dernier d\u00e9placement la saison derni\u00e8re \/ places situ\u00e9es en tribune couronne ext\u00e9rieure &#8211; le record \u00e0 battre est\u00a0de 140 ! ) :<\/span><\/div><div><span style=\"color: #000000; font-size: 1rem;\">Les jeunes joueurs \/ joueuses du CLHB (U11\/U13F\/U13G)\u00a0<\/span><img decoding=\"async\" style=\"background-color: #ffffff; font-size: 1rem; box-sizing: inherit; height: 1em !important; background-image: none !important;\" role=\"img\" draggable=\"false\" src=\"https:\/\/s.w.org\/images\/core\/emoji\/16.0.1\/svg\/2764.svg\" alt=\"\u2764\ufe0f\" \/>\u00a0<span style=\"font-size: 1rem; color: #000000;\">feront l&rsquo;entr\u00e9e des joueuses avant le d\u00e9but du match <\/span><span style=\"font-size: 1rem;\">\u00a0(ils doivent prendre une place aussi et nous rejoignent juste avant le d\u00e9but du match en tribune)<\/span><\/div><div>\u00a0<\/div><div><hr \/><\/div><div>\u00a0<\/div><div><div style=\"color: #222222;\"><span style=\"font-weight: bold;\"><span style=\"color: #000000;\"><u>Inscriptions:<\/u>\u00a0 \u00a0<\/span><\/span><img decoding=\"async\" style=\"color: #364151; font-size: 1rem; vertical-align: bottom;\" draggable=\"false\" src=\"https:\/\/fonts.gstatic.com\/s\/e\/notoemoji\/16.0\/1f4c6\/32.png\" alt=\"\ud83d\udcc6\" width=\"20\" height=\"20\" data-emoji=\"\ud83d\udcc6\" aria-label=\"\ud83d\udcc6\" \/><\/div><div style=\"color: #222222;\"><span style=\"color: #000000;\">Peuvent assister : tous les licenci\u00e9s + les parents et fr\u00e8res et s\u0153urs (mais pas au-del\u00e0 du premier cercle familial).<\/span><\/div><div style=\"color: #222222;\"><span style=\"color: #000000;\">Inscriptions uniquement\u00a0par mail \u00e0\u00a0<a style=\"color: #1155cc;\" href=\"mailto:erwan.coent@gmail.com\" target=\"_blank\" rel=\"noopener noreferrer noreferrer\">erwan.coent@gmail.com<\/a>\u00a0le plus t\u00f4t possible et au plus tard le\u00a0<b>mercredi 20 Mai<\/b>.<\/span><\/div><div style=\"color: #222222;\"><span style=\"color: #000000;\">Attention, le nombre de places sera sans doute limit\u00e9.<\/span><\/div><div style=\"color: #222222;\"><span style=\"color: #000000;\">\u00a0<\/span><\/div><div style=\"color: #222222;\"><span style=\"color: #000000;\">Bien indiquer dans le mail d&rsquo;inscription :\u00a0<span style=\"font-weight: bold;\">le nom du licenci\u00e9 CLHB\u00a0+ les autres inscrits de la famille =&gt;\u00a0 1 seul ch\u00e8que global pour le r\u00e8glement.<\/span><\/span><\/div><div style=\"color: #222222;\">\u00a0<\/div><div style=\"color: #222222;\"><span style=\"color: #000000;\">Tous les enfants mineurs doivent avoir un adulte r\u00e9f\u00e9rent qui participe au d\u00e9placement.\u00a0<\/span><\/div><div style=\"color: #222222;\"><span style=\"color: #000000;\">\u00a0<\/span><\/div><div style=\"color: #222222;\"><span style=\"font-weight: bold;\"><span style=\"color: #000000;\"><u>R\u00e8glements:<\/u>\u00a0\u00a0<\/span><\/span><img decoding=\"async\" style=\"color: #364151; font-size: 1rem; vertical-align: bottom;\" draggable=\"false\" src=\"https:\/\/fonts.gstatic.com\/s\/e\/notoemoji\/16.0\/1f4b8\/32.png\" alt=\"\ud83d\udcb8\" width=\"20\" height=\"20\" data-emoji=\"\ud83d\udcb8\" aria-label=\"\ud83d\udcb8\" \/><\/div><div style=\"color: #222222;\"><span style=\"color: #000000;\">Toutes les places sont au prix de\u00a0<span style=\"font-weight: bold;\">5 Euros<\/span>, r\u00e8glement par ch\u00e8que \u00e0 l&rsquo;ordre du\u00a0<b>CLHB<\/b>.\u00a0<\/span><\/div><div style=\"color: #222222;\"><span style=\"color: #000000;\">Le ch\u00e8que est \u00e0 d\u00e9poser dans une enveloppe dans la bo\u00eete aux lettres de la salle omnisport de Kerlouan (pr\u00e9ciser au dos du ch\u00e8que nom\/pr\u00e9nom du licenci\u00e9\u00a0+ mail utilis\u00e9 \u00e0 l&rsquo;inscription).<\/span><\/div><div style=\"color: #222222;\"><span style=\"color: #000000;\">\u00a0<\/span><\/div><div style=\"color: #222222;\"><span style=\"font-weight: bold;\"><span style=\"color: #000000;\"><u>Organisation g\u00e9n\u00e9rale:<\/u>\u00a0\u00a0<\/span><\/span><img decoding=\"async\" style=\"background-color: #ffffff; color: #364151; font-size: 1rem; box-sizing: inherit; height: 1em !important; background-image: none !important;\" role=\"img\" draggable=\"false\" src=\"https:\/\/s.w.org\/images\/core\/emoji\/16.0.1\/svg\/1f551.svg\" alt=\"\ud83d\udd51\" \/><\/div><div style=\"color: #222222;\"><span style=\"color: #000000;\">D\u00e9part group\u00e9 de la salle de Kerlouan pour un covoiturage.\u00a0L&rsquo;heure du d\u00e9part sera vers<span style=\"font-weight: bold;\">\u00a013H le dimanche 31\/05<\/span>\u00a0au parking de la salle de Kerlouan. (les escort kids partiront avec des dirigeants un peu avant)\u00a0<\/span><\/div><div style=\"color: #222222;\"><span style=\"color: #000000; font-size: 1rem;\">Possibilit\u00e9 de r\u00e9cup\u00e9rer les places avant au<\/span><span style=\"color: #000000; font-size: 1rem;\">\u00a0<\/span><b style=\"color: #000000; font-size: 1rem;\">club house \u00e0 Kerlouan le vendredi 29\/05 de 18H30 \u00e0 19H30\u00a0<\/b><span style=\"color: #000000; font-size: 1rem;\">ou \u00e0 Kerlouan avant le d\u00e9part group\u00e9. (ou \u00e0 l&rsquo;Arena exceptionnellement pr\u00e8s de la billetterie)<\/span><\/div><div style=\"color: #222222;\"><span style=\"color: #000000;\">\u00a0<\/span><\/div><div style=\"color: #222222;\"><u><span style=\"font-weight: bold;\"><span style=\"color: #000000;\">Divers:<\/span><\/span><\/u><\/div><div style=\"color: #222222;\"><span style=\"color: #364151;\">Possibilit\u00e9 de piqueniquer en tribunes , vous pouvez prendre un sac \u00e0 dos, ne pas apporter de gourdes sinon vous serez oblig\u00e9s de les laisser \u00e0 l\u2019entr\u00e9e.<\/span><\/div><div style=\"color: #222222;\"><span style=\"font-size: 1rem; color: #000000;\">\u00a0<\/span><\/div><div style=\"color: #222222;\"><span style=\"color: #000000;\">\u00a0<\/span><img decoding=\"async\" style=\"background-color: #ffffff; color: #364151; font-size: 1rem; box-sizing: inherit; height: 1em !important; background-image: none !important;\" role=\"img\" draggable=\"false\" src=\"https:\/\/s.w.org\/images\/core\/emoji\/16.0.1\/svg\/1f4f2.svg\" alt=\"\ud83d\udcf2\" \/><span style=\"color: #364151; font-size: 1rem;\">\u00a0\u00a0<\/span><span style=\"color: #000000; font-size: 1rem;\">Pour tout renseignement compl\u00e9mentaire vous pouvez contacter Erwan COENT par mail ou par SMS au <b>06.10.31.82.97<\/b><\/span><\/div><div style=\"color: #222222;\"><span style=\"color: #000000; font-size: 1rem;\">\u00a0<\/span><\/div><div style=\"color: #222222;\"><span style=\"font-size: 1rem; color: #000000;\">Toutes les informations sur ce d\u00e9placement sur le site du club:\u00a0\u00a0<\/span><a href=\"https:\/\/www.clhb.info\/wpr\/2026-05-31-sortie-club-bbh-vs-sambre-avesnois\/\"><span style=\"font-size: 1rem;\"><b>https:\/\/www.clhb.info\/wpr\/2026-05-31-sortie-club-bbh-vs-sambre-avesnois\/<\/b><\/span><\/a><\/div><div style=\"color: #222222;\"><span style=\"color: #000000;\">\u00a0<\/span><\/div><div style=\"color: #222222;\"><span style=\"color: #000000;\">Sportivement,<\/span><\/div><div><span style=\"color: #000000; font-style: inherit; font-weight: inherit;\">Le CLHB<br \/><\/span><\/div><\/div>\t\t\t\t\t\t\t\t<\/div>\n\t\t\t\t<\/div>\n\t\t\t\t<\/div>\n\t\t<div class=\"elementor-element elementor-element-e8739a0 e-flex e-con-boxed e-con e-parent\" data-id=\"e8739a0\" data-element_type=\"container\">\n\t\t\t\t\t<div class=\"e-con-inner\">\n\t\t\t\t\t<\/div>\n\t\t\t\t<\/div>\n\t\t\t\t<\/div>\n\t\t","protected":false},"excerpt":{"rendered":"<p>Bonjour \u00e0 tous,\u00a0\u00a0Le\u00a0CLHB\u00a0vous propose d&rsquo;assister \u00e0 la derni\u00e8re journ\u00e9e de championnat de France entre le BBH (1\u00e8res actuellement\u00a0) vs Sambre [&hellip;]<\/p>\n","protected":false},"author":6,"featured_media":0,"parent":0,"menu_order":0,"comment_status":"closed","ping_status":"closed","template":"","meta":{"site-sidebar-layout":"no-sidebar","site-content-layout":"","ast-site-content-layout":"full-width-container","site-content-style":"default","site-sidebar-style":"default","ast-global-header-display":"","ast-banner-title-visibility":"","ast-main-header-display":"","ast-hfb-above-header-display":"","ast-hfb-below-header-display":"","ast-hfb-mobile-header-display":"","site-post-title":"disabled","ast-breadcrumbs-content":"","ast-featured-img":"disabled","footer-sml-layout":"","theme-transparent-header-meta":"","adv-header-id-meta":"","stick-header-meta":"","header-above-stick-meta":"","header-main-stick-meta":"","header-below-stick-meta":"","astra-migrate-meta-layouts":"default","ast-page-background-enabled":"default","ast-page-background-meta":{"desktop":{"background-color":"var(--ast-global-color-4)","background-image":"","background-repeat":"repeat","background-position":"center center","background-size":"auto","background-attachment":"scroll","background-type":"","background-media":"","overlay-type":"","overlay-color":"","overlay-opacity":"","overlay-gradient":""},"tablet":{"background-color":"","background-image":"","background-repeat":"repeat","background-position":"center center","background-size":"auto","background-attachment":"scroll","background-type":"","background-media":"","overlay-type":"","overlay-color":"","overlay-opacity":"","overlay-gradient":""},"mobile":{"background-color":"","background-image":"","background-repeat":"repeat","background-position":"center center","background-size":"auto","background-attachment":"scroll","background-type":"","background-media":"","overlay-type":"","overlay-color":"","overlay-opacity":"","overlay-gradient":""}},"ast-content-background-meta":{"desktop":{"background-color":"var(--ast-global-color-5)","background-image":"","background-repeat":"repeat","background-position":"center center","background-size":"auto","background-attachment":"scroll","background-type":"","background-media":"","overlay-type":"","overlay-color":"","overlay-opacity":"","overlay-gradient":""},"tablet":{"background-color":"var(--ast-global-color-5)","background-image":"","background-repeat":"repeat","background-position":"center center","background-size":"auto","background-attachment":"scroll","background-type":"","background-media":"","overlay-type":"","overlay-color":"","overlay-opacity":"","overlay-gradient":""},"mobile":{"background-color":"var(--ast-global-color-5)","background-image":"","background-repeat":"repeat","background-position":"center center","background-size":"auto","background-attachment":"scroll","background-type":"","background-media":"","overlay-type":"","overlay-color":"","overlay-opacity":"","overlay-gradient":""}},"advanced_seo_description":"","jetpack_seo_html_title":"","jetpack_seo_noindex":false,"footnotes":""},"class_list":["post-3657","page","type-page","status-publish","hentry"],"jetpack_sharing_enabled":true,"_links":{"self":[{"href":"https:\/\/www.clhb.info\/wpr\/wp-json\/wp\/v2\/pages\/3657","targetHints":{"allow":["GET"]}}],"collection":[{"href":"https:\/\/www.clhb.info\/wpr\/wp-json\/wp\/v2\/pages"}],"about":[{"href":"https:\/\/www.clhb.info\/wpr\/wp-json\/wp\/v2\/types\/page"}],"author":[{"embeddable":true,"href":"https:\/\/www.clhb.info\/wpr\/wp-json\/wp\/v2\/users\/6"}],"replies":[{"embeddable":true,"href":"https:\/\/www.clhb.info\/wpr\/wp-json\/wp\/v2\/comments?post=3657"}],"version-history":[{"count":7,"href":"https:\/\/www.clhb.info\/wpr\/wp-json\/wp\/v2\/pages\/3657\/revisions"}],"predecessor-version":[{"id":3668,"href":"https:\/\/www.clhb.info\/wpr\/wp-json\/wp\/v2\/pages\/3657\/revisions\/3668"}],"wp:attachment":[{"href":"https:\/\/www.clhb.info\/wpr\/wp-json\/wp\/v2\/media?parent=3657"}],"curies":[{"name":"wp","href":"https:\/\/api.w.org\/{rel}","templated":true}]}}