{"id":453,"date":"2024-08-06T08:39:21","date_gmt":"2024-08-06T06:39:21","guid":{"rendered":"https:\/\/www.clhb.info\/wpr\/?page_id=453"},"modified":"2025-10-07T09:12:55","modified_gmt":"2025-10-07T07:12:55","slug":"13f","status":"publish","type":"page","link":"https:\/\/www.clhb.info\/wpr\/13f\/","title":{"rendered":"-13F"},"content":{"rendered":"\t\t<div data-elementor-type=\"wp-page\" data-elementor-id=\"453\" class=\"elementor elementor-453\">\n\t\t\t\t<div class=\"elementor-element elementor-element-472d945 e-con-full e-flex e-con e-parent\" data-id=\"472d945\" data-element_type=\"container\">\n\t\t\t\t<div class=\"elementor-element elementor-element-3326ecc elementor-widget elementor-widget-heading\" data-id=\"3326ecc\" data-element_type=\"widget\" data-widget_type=\"heading.default\">\n\t\t\t\t<div class=\"elementor-widget-container\">\n\t\t\t\t\t<h2 class=\"elementor-heading-title elementor-size-default\">Cat\u00e9gorie -13 Filles<\/h2>\t\t\t\t<\/div>\n\t\t\t\t<\/div>\n\t\t\t\t<div class=\"elementor-element elementor-element-68706a0 elementor-widget elementor-widget-image-carousel\" data-id=\"68706a0\" data-element_type=\"widget\" data-settings=\"{&quot;slides_to_show&quot;:&quot;1&quot;,&quot;navigation&quot;:&quot;none&quot;,&quot;autoplay_speed&quot;:3000,&quot;effect&quot;:&quot;fade&quot;,&quot;autoplay&quot;:&quot;yes&quot;,&quot;pause_on_hover&quot;:&quot;yes&quot;,&quot;pause_on_interaction&quot;:&quot;yes&quot;,&quot;infinite&quot;:&quot;yes&quot;,&quot;speed&quot;:500}\" data-widget_type=\"image-carousel.default\">\n\t\t\t\t<div class=\"elementor-widget-container\">\n\t\t\t\t\t\t\t<div class=\"elementor-image-carousel-wrapper swiper\" role=\"region\" aria-roledescription=\"carousel\" aria-label=\"-13F\" dir=\"ltr\">\n\t\t\t<div class=\"elementor-image-carousel swiper-wrapper\" aria-live=\"off\">\n\t\t\t\t\t\t\t\t<div class=\"swiper-slide\" role=\"group\" aria-roledescription=\"slide\" aria-label=\"1 sur 3\"><figure class=\"swiper-slide-inner\"><img decoding=\"async\" class=\"swiper-slide-image\" src=\"https:\/\/www.clhb.info\/wpr\/wp-content\/uploads\/2025\/09\/25-26_CLHB_U13F_Devant_But_Zoom.jpg\" alt=\"25-26_CLHB_U13F_Devant_But_Zoom\" \/><\/figure><\/div><div class=\"swiper-slide\" role=\"group\" aria-roledescription=\"slide\" aria-label=\"2 sur 3\"><figure class=\"swiper-slide-inner\"><img decoding=\"async\" class=\"swiper-slide-image\" src=\"https:\/\/www.clhb.info\/wpr\/wp-content\/uploads\/2025\/09\/25-26_CLHB_U13F_Dos_Zoom-1024x388.jpg\" alt=\"25-26_CLHB_U13F_Dos_Zoom\" \/><\/figure><\/div><div class=\"swiper-slide\" role=\"group\" aria-roledescription=\"slide\" aria-label=\"3 sur 3\"><figure class=\"swiper-slide-inner\"><img decoding=\"async\" class=\"swiper-slide-image\" src=\"https:\/\/www.clhb.info\/wpr\/wp-content\/uploads\/2025\/09\/25-26_CLHB_U13F_Devant_zoom-1024x470.jpg\" alt=\"25-26_CLHB_U13F_Devant_zoom\" \/><\/figure><\/div>\t\t\t<\/div>\n\t\t\t\t\t\t\t\n\t\t\t\t\t\t\t\t\t<\/div>\n\t\t\t\t\t\t<\/div>\n\t\t\t\t<\/div>\n\t\t\t\t<div class=\"elementor-element elementor-element-551d42a elementor-widget elementor-widget-text-editor\" data-id=\"551d42a\" data-element_type=\"widget\" data-widget_type=\"text-editor.default\">\n\t\t\t\t<div class=\"elementor-widget-container\">\n\t\t\t\t\t\t\t\t\t<ul><li><b>Ann\u00e9es<\/b><strong> de naissance Cat\u00e9gorie<span style=\"font-weight: 400;\"> : 2013 \u2013 2014<\/span><br \/><\/strong><\/li><\/ul><hr \/><ul><li><strong>Nombre d&rsquo;\u00e9quipes :<\/strong> 1 ou 2 (si 2\/3 joueuses en plus)<\/li><\/ul><hr \/><ul><li><strong>Encadrants cat\u00e9gorie :<\/strong><\/li><\/ul><p>\u00a0 Responsable Cat\u00e9gorie: Rozenn<span style=\"background-color: rgba(51, 6, 24, 0); font-size: 1rem;\"> COENT \/ 06 82 30 17 59 \/ rozennguennoc@yahoo.fr<\/span><\/p><p><strong><span style=\"text-decoration: underline;\">Entrainements \/ Matchs :<\/span><\/strong><\/p><p>\u00a0 Rozenn COENT \/ Eric BRACONNIER \/ Eva GUILLERM (U18F) \/ Margot LE GALL (U18F) \/ Erwan COENT<\/p><hr \/><ul><li><strong>Communication:\u00a0<\/strong><\/li><\/ul><p>\u00a0 Groupe Whatsapp [<span style=\"background-color: rgba(51, 6, 24, 0); text-align: var(--text-align); color: var(--ast-global-color-3); font-size: 1rem;\">Parents + Encadrants]\u00a0<\/span><\/p><hr \/><ul><li style=\"font-size: 16px;\"><span style=\"font-weight: bold;\">Horaires \/ Lieux entrainements :<\/span><p><a href=\"https:\/\/www.clhb.info\/wpr\/planning-entrainements\/\">Planning Entrainements 25-26<\/a><\/p><\/li><\/ul><hr \/><ul><li><span style=\"font-weight: bold;\">Articles 25-26<\/span><\/li><\/ul>\t\t\t\t\t\t\t\t<\/div>\n\t\t\t\t<\/div>\n\t\t\t\t<div class=\"elementor-element elementor-element-eaba927 elementor-widget elementor-widget-shortcode\" data-id=\"eaba927\" data-element_type=\"widget\" data-widget_type=\"shortcode.default\">\n\t\t\t\t<div class=\"elementor-widget-container\">\n\t\t\t\t\t\t\t<div class=\"elementor-shortcode\"><iframe src=\"https:\/\/widgets.scorenco.com\/team\/3849\" style=\"height: 500px; width:100%; border:0; border-width:0;\" frameBorder=\"0\" height=\"500\" width=\"100%\">C\u00f4te des L\u00e9gendes HB<\/iframe><\/div>\n\t\t\t\t\t\t<\/div>\n\t\t\t\t<\/div>\n\t\t\t\t<\/div>\n\t\t<div class=\"elementor-element elementor-element-5b6039b e-flex e-con-boxed e-con e-parent\" data-id=\"5b6039b\" data-element_type=\"container\">\n\t\t\t\t\t<div class=\"e-con-inner\">\n\t\t\t\t\t<\/div>\n\t\t\t\t<\/div>\n\t\t\t\t<\/div>\n\t\t","protected":false},"excerpt":{"rendered":"<p>Cat\u00e9gorie -13 Filles Ann\u00e9es de naissance Cat\u00e9gorie : 2013 \u2013 2014 Nombre d&rsquo;\u00e9quipes : 1 ou 2 (si 2\/3 joueuses [&hellip;]<\/p>\n","protected":false},"author":6,"featured_media":0,"parent":0,"menu_order":0,"comment_status":"closed","ping_status":"closed","template":"","meta":{"site-sidebar-layout":"no-sidebar","site-content-layout":"","ast-site-content-layout":"full-width-container","site-content-style":"default","site-sidebar-style":"default","ast-global-header-display":"","ast-banner-title-visibility":"","ast-main-header-display":"","ast-hfb-above-header-display":"","ast-hfb-below-header-display":"","ast-hfb-mobile-header-display":"","site-post-title":"disabled","ast-breadcrumbs-content":"","ast-featured-img":"disabled","footer-sml-layout":"","theme-transparent-header-meta":"","adv-header-id-meta":"","stick-header-meta":"","header-above-stick-meta":"","header-main-stick-meta":"","header-below-stick-meta":"","astra-migrate-meta-layouts":"default","ast-page-background-enabled":"default","ast-page-background-meta":{"desktop":{"background-color":"var(--ast-global-color-4)","background-image":"","background-repeat":"repeat","background-position":"center center","background-size":"auto","background-attachment":"scroll","background-type":"","background-media":"","overlay-type":"","overlay-color":"","overlay-opacity":"","overlay-gradient":""},"tablet":{"background-color":"","background-image":"","background-repeat":"repeat","background-position":"center center","background-size":"auto","background-attachment":"scroll","background-type":"","background-media":"","overlay-type":"","overlay-color":"","overlay-opacity":"","overlay-gradient":""},"mobile":{"background-color":"","background-image":"","background-repeat":"repeat","background-position":"center center","background-size":"auto","background-attachment":"scroll","background-type":"","background-media":"","overlay-type":"","overlay-color":"","overlay-opacity":"","overlay-gradient":""}},"ast-content-background-meta":{"desktop":{"background-color":"var(--ast-global-color-5)","background-image":"","background-repeat":"repeat","background-position":"center center","background-size":"auto","background-attachment":"scroll","background-type":"","background-media":"","overlay-type":"","overlay-color":"","overlay-opacity":"","overlay-gradient":""},"tablet":{"background-color":"var(--ast-global-color-5)","background-image":"","background-repeat":"repeat","background-position":"center center","background-size":"auto","background-attachment":"scroll","background-type":"","background-media":"","overlay-type":"","overlay-color":"","overlay-opacity":"","overlay-gradient":""},"mobile":{"background-color":"var(--ast-global-color-5)","background-image":"","background-repeat":"repeat","background-position":"center center","background-size":"auto","background-attachment":"scroll","background-type":"","background-media":"","overlay-type":"","overlay-color":"","overlay-opacity":"","overlay-gradient":""}},"advanced_seo_description":"","jetpack_seo_html_title":"","jetpack_seo_noindex":false,"footnotes":""},"class_list":["post-453","page","type-page","status-publish","hentry"],"jetpack_sharing_enabled":true,"_links":{"self":[{"href":"https:\/\/www.clhb.info\/wpr\/wp-json\/wp\/v2\/pages\/453","targetHints":{"allow":["GET"]}}],"collection":[{"href":"https:\/\/www.clhb.info\/wpr\/wp-json\/wp\/v2\/pages"}],"about":[{"href":"https:\/\/www.clhb.info\/wpr\/wp-json\/wp\/v2\/types\/page"}],"author":[{"embeddable":true,"href":"https:\/\/www.clhb.info\/wpr\/wp-json\/wp\/v2\/users\/6"}],"replies":[{"embeddable":true,"href":"https:\/\/www.clhb.info\/wpr\/wp-json\/wp\/v2\/comments?post=453"}],"version-history":[{"count":114,"href":"https:\/\/www.clhb.info\/wpr\/wp-json\/wp\/v2\/pages\/453\/revisions"}],"predecessor-version":[{"id":3278,"href":"https:\/\/www.clhb.info\/wpr\/wp-json\/wp\/v2\/pages\/453\/revisions\/3278"}],"wp:attachment":[{"href":"https:\/\/www.clhb.info\/wpr\/wp-json\/wp\/v2\/media?parent=453"}],"curies":[{"name":"wp","href":"https:\/\/api.w.org\/{rel}","templated":true}]}}