{"id":625,"date":"2024-08-08T21:27:10","date_gmt":"2024-08-08T19:27:10","guid":{"rendered":"https:\/\/www.clhb.info\/wpr\/?page_id=625"},"modified":"2025-12-17T15:12:27","modified_gmt":"2025-12-17T14:12:27","slug":"sf","status":"publish","type":"page","link":"https:\/\/www.clhb.info\/wpr\/sf\/","title":{"rendered":"SF"},"content":{"rendered":"\t\t<div data-elementor-type=\"wp-page\" data-elementor-id=\"625\" class=\"elementor elementor-625\">\n\t\t\t\t<div class=\"elementor-element elementor-element-f34708c e-con-full e-flex e-con e-parent\" data-id=\"f34708c\" data-element_type=\"container\">\n\t\t\t\t<div class=\"elementor-element elementor-element-cfdd046 elementor-widget elementor-widget-heading\" data-id=\"cfdd046\" data-element_type=\"widget\" data-widget_type=\"heading.default\">\n\t\t\t\t<div class=\"elementor-widget-container\">\n\t\t\t\t\t<h2 class=\"elementor-heading-title elementor-size-default\">Cat\u00e9gorie Seniors Filles (SF)<\/h2>\t\t\t\t<\/div>\n\t\t\t\t<\/div>\n\t\t\t\t<div class=\"elementor-element elementor-element-aaaf203 elementor-widget elementor-widget-image\" data-id=\"aaaf203\" data-element_type=\"widget\" data-widget_type=\"image.default\">\n\t\t\t\t<div class=\"elementor-widget-container\">\n\t\t\t\t\t\t\t\t\t\t\t\t\t\t\t<img fetchpriority=\"high\" decoding=\"async\" width=\"1024\" height=\"668\" src=\"https:\/\/www.clhb.info\/wpr\/wp-content\/uploads\/2025\/10\/SF2-e1759433545408-1024x668.jpg\" class=\"attachment-large size-large wp-image-3222\" alt=\"\" srcset=\"https:\/\/www.clhb.info\/wpr\/wp-content\/uploads\/2025\/10\/SF2-e1759433545408-1024x668.jpg 1024w, https:\/\/www.clhb.info\/wpr\/wp-content\/uploads\/2025\/10\/SF2-e1759433545408-300x196.jpg 300w, https:\/\/www.clhb.info\/wpr\/wp-content\/uploads\/2025\/10\/SF2-e1759433545408-150x98.jpg 150w, https:\/\/www.clhb.info\/wpr\/wp-content\/uploads\/2025\/10\/SF2-e1759433545408-768x501.jpg 768w, https:\/\/www.clhb.info\/wpr\/wp-content\/uploads\/2025\/10\/SF2-e1759433545408-1536x1001.jpg 1536w, https:\/\/www.clhb.info\/wpr\/wp-content\/uploads\/2025\/10\/SF2-e1759433545408.jpg 1600w\" sizes=\"(max-width: 1024px) 100vw, 1024px\" \/>\t\t\t\t\t\t\t\t\t\t\t\t\t\t\t<\/div>\n\t\t\t\t<\/div>\n\t\t\t\t<div class=\"elementor-element elementor-element-a42f3c1 elementor-widget elementor-widget-text-editor\" data-id=\"a42f3c1\" data-element_type=\"widget\" data-widget_type=\"text-editor.default\">\n\t\t\t\t<div class=\"elementor-widget-container\">\n\t\t\t\t\t\t\t\t\t<ul><li><b>Ann\u00e9es<\/b><strong> de naissance Cat\u00e9gorie<span style=\"font-weight: 400;\"> : &lt; 2008<\/span><\/strong><\/li><\/ul><hr \/><ul><li><strong>Nombre d&rsquo;\u00e9quipes:<\/strong> 3 (N3 , D1 et D2)<\/li><\/ul><hr \/><ul><li><strong>Encadrants cat\u00e9gorie:<\/strong><\/li><\/ul><p><strong><span style=\"text-decoration: underline;\"><span style=\"font-style: inherit; background-color: rgba(51, 6, 24, 0); text-align: var(--text-align); color: var(--ast-global-color-3); text-decoration: underline;\">Responsable de Cat\u00e9gorie:<\/span><\/span><\/strong><\/p><p><span style=\"background-color: rgba(51, 6, 24, 0); text-align: var(--text-align); color: var(--ast-global-color-3);\">* C\u00e9dric MILLET \/ 06 81 17 34 62<\/span><\/p><p><strong><span style=\"text-decoration: underline;\"><span style=\"font-style: inherit; background-color: rgba(51, 6, 24, 0); text-align: var(--text-align); color: var(--ast-global-color-3); text-decoration: underline;\">Entra\u00eenements:<\/span><\/span><\/strong><\/p><p><span style=\"background-color: rgba(51, 6, 24, 0); text-align: var(--text-align); color: var(--ast-global-color-3);\">* C\u00e9dric MILLET<\/span><span style=\"background-color: rgba(51, 6, 24, 0); text-align: var(--text-align); color: var(--ast-global-color-3);\">\u00a0 \/ Capucine GUILLOU \/\u00a0<\/span>Anthony GUILPAIN<span style=\"background-color: rgba(51, 6, 24, 0); color: var(--ast-global-color-3); font-style: inherit; font-weight: inherit; text-align: var(--text-align);\">\u00a0\/ Nad\u00e8ge\u00a0<\/span><span style=\"font-style: inherit; font-weight: inherit; background-color: rgba(51, 6, 24, 0); text-align: var(--text-align); color: var(--ast-global-color-3);\">GUIVARC&rsquo;H<\/span><\/p><p><strong><span style=\"text-decoration: underline;\"><span style=\"font-style: inherit; background-color: rgba(51, 6, 24, 0); text-align: var(--text-align); color: var(--ast-global-color-3); text-decoration: underline;\">Matchs:<\/span><\/span><\/strong><\/p><p><span style=\"background-color: rgba(51, 6, 24, 0); text-align: var(--text-align); color: var(--ast-global-color-3);\">*\u00a0<\/span><span style=\"background-color: rgba(51, 6, 24, 0);\">C\u00e9dric MILLET<\/span><span style=\"background-color: rgba(51, 6, 24, 0);\">\u00a0 \/ Capucine GUILLOU<\/span><span style=\"font-size: 1rem; background-color: rgba(51, 6, 24, 0);\">\u00a0\u00a0\/\u00a0<\/span><span style=\"font-size: 1rem; font-style: inherit; font-weight: inherit; background-color: rgba(51, 6, 24, 0);\">Nad\u00e8ge\u00a0<\/span><span style=\"font-size: 1rem; font-style: inherit; font-weight: inherit; background-color: rgba(51, 6, 24, 0);\">GUIVARCH \/ Sandrine DOYEUX<\/span><\/p><hr \/><p><strong><span style=\"text-decoration: underline;\"><span style=\"background-color: rgba(51, 6, 24, 0); text-align: var(--text-align); color: var(--ast-global-color-3); text-decoration: underline;\">Communication:<\/span><\/span><\/strong><\/p><p>* Communication interne :\u00a0<span style=\"background-color: rgba(51, 6, 24, 0); color: var(--ast-global-color-3); font-style: inherit; font-weight: inherit; text-align: var(--text-align);\">\u00a0<\/span><\/p><hr \/><ul><li><strong>Horaires \/ Lieux entrainements:<\/strong><\/li><\/ul><p><a style=\"font-style: inherit; font-weight: inherit; background-color: rgba(51, 6, 24, 0);\" href=\"https:\/\/www.clhb.info\/wpr\/planning-entrainements\/\">Planning Entrainements 25-26<\/a><\/p><ul><li><span style=\"font-weight: bold;\">Articles 25-26<\/span><\/li><\/ul>\t\t\t\t\t\t\t\t<\/div>\n\t\t\t\t<\/div>\n\t\t\t\t<\/div>\n\t\t<div class=\"elementor-element elementor-element-f7c923b e-flex e-con-boxed e-con e-parent\" data-id=\"f7c923b\" data-element_type=\"container\">\n\t\t\t\t\t<div class=\"e-con-inner\">\n\t\t\t\t<div class=\"elementor-element elementor-element-e816963 elementor-widget elementor-widget-shortcode\" data-id=\"e816963\" data-element_type=\"widget\" data-widget_type=\"shortcode.default\">\n\t\t\t\t<div class=\"elementor-widget-container\">\n\t\t\t\t\t\t\t<div class=\"elementor-shortcode\"><iframe src=\"https:\/\/widgets.scorenco.com\/team\/3516\" style=\"height: 500px; width:100%; border:0; border-width:0;\" frameBorder=\"0\" height=\"500\" width=\"100%\">C\u00f4te des L\u00e9gendes HB<\/iframe><\/div>\n\t\t\t\t\t\t<\/div>\n\t\t\t\t<\/div>\n\t\t\t\t\t<\/div>\n\t\t\t\t<\/div>\n\t\t\t\t<\/div>\n\t\t","protected":false},"excerpt":{"rendered":"<p>Cat\u00e9gorie Seniors Filles (SF) Ann\u00e9es de naissance Cat\u00e9gorie : &lt; 2008 Nombre d&rsquo;\u00e9quipes: 3 (N3 , D1 et D2) Encadrants [&hellip;]<\/p>\n","protected":false},"author":6,"featured_media":0,"parent":0,"menu_order":0,"comment_status":"closed","ping_status":"closed","template":"","meta":{"site-sidebar-layout":"no-sidebar","site-content-layout":"","ast-site-content-layout":"full-width-container","site-content-style":"default","site-sidebar-style":"default","ast-global-header-display":"","ast-banner-title-visibility":"","ast-main-header-display":"","ast-hfb-above-header-display":"","ast-hfb-below-header-display":"","ast-hfb-mobile-header-display":"","site-post-title":"disabled","ast-breadcrumbs-content":"","ast-featured-img":"disabled","footer-sml-layout":"","theme-transparent-header-meta":"","adv-header-id-meta":"","stick-header-meta":"","header-above-stick-meta":"","header-main-stick-meta":"","header-below-stick-meta":"","astra-migrate-meta-layouts":"default","ast-page-background-enabled":"default","ast-page-background-meta":{"desktop":{"background-color":"var(--ast-global-color-4)","background-image":"","background-repeat":"repeat","background-position":"center center","background-size":"auto","background-attachment":"scroll","background-type":"","background-media":"","overlay-type":"","overlay-color":"","overlay-opacity":"","overlay-gradient":""},"tablet":{"background-color":"","background-image":"","background-repeat":"repeat","background-position":"center center","background-size":"auto","background-attachment":"scroll","background-type":"","background-media":"","overlay-type":"","overlay-color":"","overlay-opacity":"","overlay-gradient":""},"mobile":{"background-color":"","background-image":"","background-repeat":"repeat","background-position":"center center","background-size":"auto","background-attachment":"scroll","background-type":"","background-media":"","overlay-type":"","overlay-color":"","overlay-opacity":"","overlay-gradient":""}},"ast-content-background-meta":{"desktop":{"background-color":"var(--ast-global-color-5)","background-image":"","background-repeat":"repeat","background-position":"center center","background-size":"auto","background-attachment":"scroll","background-type":"","background-media":"","overlay-type":"","overlay-color":"","overlay-opacity":"","overlay-gradient":""},"tablet":{"background-color":"var(--ast-global-color-5)","background-image":"","background-repeat":"repeat","background-position":"center center","background-size":"auto","background-attachment":"scroll","background-type":"","background-media":"","overlay-type":"","overlay-color":"","overlay-opacity":"","overlay-gradient":""},"mobile":{"background-color":"var(--ast-global-color-5)","background-image":"","background-repeat":"repeat","background-position":"center center","background-size":"auto","background-attachment":"scroll","background-type":"","background-media":"","overlay-type":"","overlay-color":"","overlay-opacity":"","overlay-gradient":""}},"advanced_seo_description":"","jetpack_seo_html_title":"","jetpack_seo_noindex":false,"footnotes":""},"class_list":["post-625","page","type-page","status-publish","hentry"],"jetpack_sharing_enabled":true,"_links":{"self":[{"href":"https:\/\/www.clhb.info\/wpr\/wp-json\/wp\/v2\/pages\/625","targetHints":{"allow":["GET"]}}],"collection":[{"href":"https:\/\/www.clhb.info\/wpr\/wp-json\/wp\/v2\/pages"}],"about":[{"href":"https:\/\/www.clhb.info\/wpr\/wp-json\/wp\/v2\/types\/page"}],"author":[{"embeddable":true,"href":"https:\/\/www.clhb.info\/wpr\/wp-json\/wp\/v2\/users\/6"}],"replies":[{"embeddable":true,"href":"https:\/\/www.clhb.info\/wpr\/wp-json\/wp\/v2\/comments?post=625"}],"version-history":[{"count":72,"href":"https:\/\/www.clhb.info\/wpr\/wp-json\/wp\/v2\/pages\/625\/revisions"}],"predecessor-version":[{"id":3478,"href":"https:\/\/www.clhb.info\/wpr\/wp-json\/wp\/v2\/pages\/625\/revisions\/3478"}],"wp:attachment":[{"href":"https:\/\/www.clhb.info\/wpr\/wp-json\/wp\/v2\/media?parent=625"}],"curies":[{"name":"wp","href":"https:\/\/api.w.org\/{rel}","templated":true}]}}