{"id":774,"date":"2024-08-09T20:27:22","date_gmt":"2024-08-09T18:27:22","guid":{"rendered":"https:\/\/www.clhb.info\/wpr\/?page_id=774"},"modified":"2025-10-07T09:06:25","modified_gmt":"2025-10-07T07:06:25","slug":"sg","status":"publish","type":"page","link":"https:\/\/www.clhb.info\/wpr\/sg\/","title":{"rendered":"SG"},"content":{"rendered":"\t\t<div data-elementor-type=\"wp-page\" data-elementor-id=\"774\" class=\"elementor elementor-774\">\n\t\t\t\t<div class=\"elementor-element elementor-element-e7f736f e-flex e-con-boxed e-con e-parent\" data-id=\"e7f736f\" data-element_type=\"container\">\n\t\t\t\t\t<div class=\"e-con-inner\">\n\t\t\t\t<div class=\"elementor-element elementor-element-09f9666 elementor-widget elementor-widget-heading\" data-id=\"09f9666\" data-element_type=\"widget\" data-widget_type=\"heading.default\">\n\t\t\t\t<div class=\"elementor-widget-container\">\n\t\t\t\t\t<h2 class=\"elementor-heading-title elementor-size-default\">Cat\u00e9gorie Seniors Gars (SG)<\/h2>\t\t\t\t<\/div>\n\t\t\t\t<\/div>\n\t\t\t\t<div class=\"elementor-element elementor-element-0719ffd elementor-widget elementor-widget-heading\" data-id=\"0719ffd\" data-element_type=\"widget\" data-widget_type=\"heading.default\">\n\t\t\t\t<div class=\"elementor-widget-container\">\n\t\t\t\t\t<h3 class=\"elementor-heading-title elementor-size-default\">Nous Recherchons un entraineur\/coach pour cette saison  ! \nContacter L\u00e9o GUILLERM<\/h3>\t\t\t\t<\/div>\n\t\t\t\t<\/div>\n\t\t\t\t<div class=\"elementor-element elementor-element-f7b6588 elementor-widget elementor-widget-image-carousel\" data-id=\"f7b6588\" data-element_type=\"widget\" data-settings=\"{&quot;slides_to_show&quot;:&quot;1&quot;,&quot;navigation&quot;:&quot;none&quot;,&quot;autoplay_speed&quot;:3000,&quot;effect&quot;:&quot;fade&quot;,&quot;autoplay&quot;:&quot;yes&quot;,&quot;pause_on_hover&quot;:&quot;yes&quot;,&quot;pause_on_interaction&quot;:&quot;yes&quot;,&quot;infinite&quot;:&quot;yes&quot;,&quot;speed&quot;:500}\" data-widget_type=\"image-carousel.default\">\n\t\t\t\t<div class=\"elementor-widget-container\">\n\t\t\t\t\t\t\t<div class=\"elementor-image-carousel-wrapper swiper\" role=\"region\" aria-roledescription=\"carousel\" aria-label=\"Photo SG1\" dir=\"ltr\">\n\t\t\t<div class=\"elementor-image-carousel swiper-wrapper\" aria-live=\"off\">\n\t\t\t\t\t\t\t\t<div class=\"swiper-slide\" role=\"group\" aria-roledescription=\"slide\" aria-label=\"1 sur 2\"><figure class=\"swiper-slide-inner\"><img decoding=\"async\" class=\"swiper-slide-image\" src=\"https:\/\/www.clhb.info\/wpr\/wp-content\/uploads\/2025\/10\/SG1-2-1024x768.jpg\" alt=\"SG1 (2)\" \/><\/figure><\/div><div class=\"swiper-slide\" role=\"group\" aria-roledescription=\"slide\" aria-label=\"2 sur 2\"><figure class=\"swiper-slide-inner\"><img decoding=\"async\" class=\"swiper-slide-image\" src=\"https:\/\/www.clhb.info\/wpr\/wp-content\/uploads\/2025\/10\/SG1-1024x682.jpg\" alt=\"SG1\" \/><\/figure><\/div>\t\t\t<\/div>\n\t\t\t\t\t\t\t\n\t\t\t\t\t\t\t\t\t<\/div>\n\t\t\t\t\t\t<\/div>\n\t\t\t\t<\/div>\n\t\t\t\t\t<\/div>\n\t\t\t\t<\/div>\n\t\t<div class=\"elementor-element elementor-element-1cd3fd9 e-flex e-con-boxed e-con e-parent\" data-id=\"1cd3fd9\" data-element_type=\"container\">\n\t\t\t\t\t<div class=\"e-con-inner\">\n\t\t\t\t<div class=\"elementor-element elementor-element-96a488b elementor-widget elementor-widget-text-editor\" data-id=\"96a488b\" data-element_type=\"widget\" data-widget_type=\"text-editor.default\">\n\t\t\t\t<div class=\"elementor-widget-container\">\n\t\t\t\t\t\t\t\t\t<ul>\n<li><b>Ann\u00e9es<\/b><strong> de naissance Cat\u00e9gorie<span style=\"font-weight: 400;\">&nbsp;:&nbsp;<\/span><span style=\"font-weight: 400;\">&lt; 2008<\/span><br><\/strong><\/li>\n<\/ul>\n<hr>\n<ul>\n<li><strong>Nombre d&rsquo;\u00e9quipes:<\/strong> 2&nbsp; [&nbsp; D1 et D2 ]<\/li>\n<\/ul>\n<hr>\n<ul>\n<li><strong>Encadrants cat\u00e9gorie:<\/strong><\/li>\n<\/ul>\n<p>&nbsp; Responsable Cat\u00e9gorie:&nbsp;<span style=\"background-color: rgba(51, 6, 24, 0); text-align: var(--text-align); color: var(--ast-global-color-3); font-size: 1rem;\">L\u00e9o GUILLERM \/&nbsp;<\/span><span style=\"text-align: var(--text-align); color: var(--ast-global-color-3); font-size: 1rem; background-color: var(--ast-global-color-5);\">07 85 63 72 90 \/ leoguillerm10@gmail.com&nbsp;<\/span><\/p>\n<p><strong><span style=\"text-decoration: underline;\">Entrainements:&nbsp;<\/span><\/strong><\/p>\n<p>Antoine RABALLAND \/&nbsp;<span style=\"background-color: rgba(51, 6, 24, 0); text-align: var(--text-align); color: var(--ast-global-color-3); font-size: 1rem;\">L\u00e9o GUILLERM (joueurs-entra\u00eeneurs)<\/span><\/p>\n<p><span style=\"text-decoration: underline;\"><strong>Matchs<\/strong><\/span><\/p>\n<hr>\n<ul>\n<li><strong>Communication:&nbsp;<\/strong><\/li>\n<\/ul>\n<p>Whatsapp + Teampulse (entrainements)<\/p>\n<hr>\n<ul>\n<li style=\"font-size: 16px;\"><span style=\"font-weight: bold;\">Horaires \/ Lieux entrainements:<\/span>\n<p><a href=\"https:\/\/www.clhb.info\/wpr\/planning-entrainements\/\">Planning Entrainements 25-26<\/a><\/p>\n<\/li>\n<\/ul>\n<hr>\n<ul>\n<li><span style=\"font-weight: bold;\">Articles 25-26<\/span><\/li>\n<\/ul>\t\t\t\t\t\t\t\t<\/div>\n\t\t\t\t<\/div>\n\t\t\t\t\t<\/div>\n\t\t\t\t<\/div>\n\t\t<div class=\"elementor-element elementor-element-1bf28cd e-flex e-con-boxed e-con e-parent\" data-id=\"1bf28cd\" data-element_type=\"container\">\n\t\t\t\t\t<div class=\"e-con-inner\">\n\t\t\t\t<div class=\"elementor-element elementor-element-e1e360e elementor-widget elementor-widget-shortcode\" data-id=\"e1e360e\" data-element_type=\"widget\" data-widget_type=\"shortcode.default\">\n\t\t\t\t<div class=\"elementor-widget-container\">\n\t\t\t\t\t\t\t<div class=\"elementor-shortcode\"><iframe src=\"https:\/\/widgets.scorenco.com\/team\/3514\" style=\"height: 500px; width:100%; border:0; border-width:0;\" frameBorder=\"0\" height=\"500\" width=\"100%\">C\u00f4te des L\u00e9gendes HB<\/iframe><\/div>\n\t\t\t\t\t\t<\/div>\n\t\t\t\t<\/div>\n\t\t\t\t\t<\/div>\n\t\t\t\t<\/div>\n\t\t\t\t<\/div>\n\t\t","protected":false},"excerpt":{"rendered":"<p>Cat\u00e9gorie Seniors Gars (SG) Nous Recherchons un entraineur\/coach pour cette saison ! Contacter L\u00e9o GUILLERM Ann\u00e9es de naissance Cat\u00e9gorie&nbsp;:&nbsp;&lt; 2008 [&hellip;]<\/p>\n","protected":false},"author":6,"featured_media":0,"parent":0,"menu_order":0,"comment_status":"closed","ping_status":"closed","template":"","meta":{"site-sidebar-layout":"no-sidebar","site-content-layout":"","ast-site-content-layout":"full-width-container","site-content-style":"default","site-sidebar-style":"default","ast-global-header-display":"","ast-banner-title-visibility":"","ast-main-header-display":"","ast-hfb-above-header-display":"","ast-hfb-below-header-display":"","ast-hfb-mobile-header-display":"","site-post-title":"disabled","ast-breadcrumbs-content":"","ast-featured-img":"disabled","footer-sml-layout":"","theme-transparent-header-meta":"","adv-header-id-meta":"","stick-header-meta":"","header-above-stick-meta":"","header-main-stick-meta":"","header-below-stick-meta":"","astra-migrate-meta-layouts":"default","ast-page-background-enabled":"default","ast-page-background-meta":{"desktop":{"background-color":"var(--ast-global-color-4)","background-image":"","background-repeat":"repeat","background-position":"center center","background-size":"auto","background-attachment":"scroll","background-type":"","background-media":"","overlay-type":"","overlay-color":"","overlay-opacity":"","overlay-gradient":""},"tablet":{"background-color":"","background-image":"","background-repeat":"repeat","background-position":"center center","background-size":"auto","background-attachment":"scroll","background-type":"","background-media":"","overlay-type":"","overlay-color":"","overlay-opacity":"","overlay-gradient":""},"mobile":{"background-color":"","background-image":"","background-repeat":"repeat","background-position":"center center","background-size":"auto","background-attachment":"scroll","background-type":"","background-media":"","overlay-type":"","overlay-color":"","overlay-opacity":"","overlay-gradient":""}},"ast-content-background-meta":{"desktop":{"background-color":"var(--ast-global-color-5)","background-image":"","background-repeat":"repeat","background-position":"center center","background-size":"auto","background-attachment":"scroll","background-type":"","background-media":"","overlay-type":"","overlay-color":"","overlay-opacity":"","overlay-gradient":""},"tablet":{"background-color":"var(--ast-global-color-5)","background-image":"","background-repeat":"repeat","background-position":"center center","background-size":"auto","background-attachment":"scroll","background-type":"","background-media":"","overlay-type":"","overlay-color":"","overlay-opacity":"","overlay-gradient":""},"mobile":{"background-color":"var(--ast-global-color-5)","background-image":"","background-repeat":"repeat","background-position":"center center","background-size":"auto","background-attachment":"scroll","background-type":"","background-media":"","overlay-type":"","overlay-color":"","overlay-opacity":"","overlay-gradient":""}},"advanced_seo_description":"","jetpack_seo_html_title":"","jetpack_seo_noindex":false,"footnotes":""},"class_list":["post-774","page","type-page","status-publish","hentry"],"jetpack_sharing_enabled":true,"_links":{"self":[{"href":"https:\/\/www.clhb.info\/wpr\/wp-json\/wp\/v2\/pages\/774","targetHints":{"allow":["GET"]}}],"collection":[{"href":"https:\/\/www.clhb.info\/wpr\/wp-json\/wp\/v2\/pages"}],"about":[{"href":"https:\/\/www.clhb.info\/wpr\/wp-json\/wp\/v2\/types\/page"}],"author":[{"embeddable":true,"href":"https:\/\/www.clhb.info\/wpr\/wp-json\/wp\/v2\/users\/6"}],"replies":[{"embeddable":true,"href":"https:\/\/www.clhb.info\/wpr\/wp-json\/wp\/v2\/comments?post=774"}],"version-history":[{"count":61,"href":"https:\/\/www.clhb.info\/wpr\/wp-json\/wp\/v2\/pages\/774\/revisions"}],"predecessor-version":[{"id":3260,"href":"https:\/\/www.clhb.info\/wpr\/wp-json\/wp\/v2\/pages\/774\/revisions\/3260"}],"wp:attachment":[{"href":"https:\/\/www.clhb.info\/wpr\/wp-json\/wp\/v2\/media?parent=774"}],"curies":[{"name":"wp","href":"https:\/\/api.w.org\/{rel}","templated":true}]}}