{"id":957,"date":"2024-08-26T08:17:10","date_gmt":"2024-08-26T06:17:10","guid":{"rendered":"https:\/\/www.clhb.info\/wpr\/?page_id=957"},"modified":"2025-12-15T06:41:24","modified_gmt":"2025-12-15T05:41:24","slug":"18f","status":"publish","type":"page","link":"https:\/\/www.clhb.info\/wpr\/18f\/","title":{"rendered":"-18F"},"content":{"rendered":"\t\t<div data-elementor-type=\"wp-page\" data-elementor-id=\"957\" class=\"elementor elementor-957\">\n\t\t\t\t<div class=\"elementor-element elementor-element-36827f8 e-flex e-con-boxed e-con e-parent\" data-id=\"36827f8\" data-element_type=\"container\">\n\t\t\t\t\t<div class=\"e-con-inner\">\n\t\t\t\t<div class=\"elementor-element elementor-element-b4db0d4 elementor-widget elementor-widget-heading\" data-id=\"b4db0d4\" data-element_type=\"widget\" data-widget_type=\"heading.default\">\n\t\t\t\t<div class=\"elementor-widget-container\">\n\t\t\t\t\t<h2 class=\"elementor-heading-title elementor-size-default\">Cat\u00e9gorie -18 Filles<\/h2>\t\t\t\t<\/div>\n\t\t\t\t<\/div>\n\t\t<div class=\"elementor-element elementor-element-da034ef e-con-full e-flex e-con e-child\" data-id=\"da034ef\" data-element_type=\"container\">\n\t\t\t\t<div class=\"elementor-element elementor-element-fe40726 elementor-widget elementor-widget-text-editor\" data-id=\"fe40726\" data-element_type=\"widget\" data-widget_type=\"text-editor.default\">\n\t\t\t\t<div class=\"elementor-widget-container\">\n\t\t\t\t\t\t\t\t\t<p><strong><span style=\"color: #0000ff;\">\/!\\ Nous recherchons quelques joueuses U18F pour renforcer les 2 \u00e9quipes (Pr\u00e9nat et D2) sur la saison en cours (mut\u00e9es ou reprise)=&gt; Contacter :\u00a0\u00a0Anthony GUILPAIN \/ 06 37 33 65 53 \/ guilpain.antho@laposte.net\u00a0 \/!\\<\/span><\/strong><\/p><ul><li><b>Ann\u00e9es<\/b><strong> de naissance Cat\u00e9gorie<span style=\"font-weight: 400;\">\u00a0:\u00a0<\/span><span style=\"font-weight: 400;\">2008 \u2013 2009 \u2013 2010<\/span><br \/><\/strong><\/li><\/ul><hr \/><ul><li><strong>Nombre d&rsquo;\u00e9quipes:<\/strong>\u00a02<\/li><\/ul><hr \/><ul><li><strong>Encadrants cat\u00e9gorie:<\/strong><\/li><\/ul><p>\u00a0 Responsable Cat\u00e9gorie: Anthony GUILPAIN<span style=\"background-color: rgba(51, 6, 24, 0); text-align: var(--text-align); color: var(--ast-global-color-3); font-size: 1rem;\">\u00a0\/\u00a0<\/span>06 37 33\u00a0 65 53\u00a0<span style=\"background-color: rgba(51, 6, 24, 0); text-align: var(--text-align); color: var(--ast-global-color-3); font-size: 1rem;\">\u00a0\/\u00a0<\/span><span style=\"background-color: rgba(51, 6, 24, 0);\">guilpain.antho@laposte.net<\/span><\/p><p><strong><span style=\"text-decoration: underline;\">Entrainements:\u00a0<\/span><\/strong><\/p><p><span style=\"background-color: rgba(51, 6, 24, 0); text-align: var(--text-align); color: var(--ast-global-color-3); font-size: 1rem;\">Anthony GUILPAIN \/ Clara MEAR \/ Herv\u00e9 CABON<\/span><\/p><p><span style=\"text-decoration: underline;\"><strong>Matchs<\/strong><\/span><\/p><p><span style=\"background-color: rgba(51, 6, 24, 0); font-size: 1rem;\">Anthony GUILPAIN \/ Clara MEAR<\/span><\/p><hr \/><ul><li><strong>Communication:\u00a0 \u00a0<\/strong>Groupe Whatsapp parents + Application Teampulse pour joueuses.<\/li><\/ul><hr \/><ul><li style=\"font-size: 16px;\"><span style=\"font-weight: bold;\">Horaires \/ Lieux entrainements:<\/span><p><a href=\"https:\/\/www.clhb.info\/wpr\/planning-entrainements\/\">Planning Entrainements 25-26<\/a><\/p><\/li><\/ul><hr \/><ul><li><span style=\"font-weight: bold;\">Articles 25-26<\/span><\/li><\/ul>\t\t\t\t\t\t\t\t<\/div>\n\t\t\t\t<\/div>\n\t\t\t\t<\/div>\n\t\t\t\t\t<\/div>\n\t\t\t\t<\/div>\n\t\t<div class=\"elementor-element elementor-element-3867e76 e-flex e-con-boxed e-con e-parent\" data-id=\"3867e76\" data-element_type=\"container\">\n\t\t\t\t\t<div class=\"e-con-inner\">\n\t\t\t\t<div class=\"elementor-element elementor-element-73f420a elementor-widget elementor-widget-shortcode\" data-id=\"73f420a\" data-element_type=\"widget\" data-widget_type=\"shortcode.default\">\n\t\t\t\t<div class=\"elementor-widget-container\">\n\t\t\t\t\t\t\t<div class=\"elementor-shortcode\"><iframe src=\"https:\/\/widgets.scorenco.com\/team\/3517\" style=\"height: 500px; width:100%; border:0; border-width:0;\" frameBorder=\"0\" height=\"500\" width=\"100%\">C\u00f4te des L\u00e9gendes HB<\/iframe><\/div>\n\t\t\t\t\t\t<\/div>\n\t\t\t\t<\/div>\n\t\t\t\t\t<\/div>\n\t\t\t\t<\/div>\n\t\t<div class=\"elementor-element elementor-element-3678f5a e-flex e-con-boxed e-con e-parent\" data-id=\"3678f5a\" data-element_type=\"container\">\n\t\t\t\t\t<div class=\"e-con-inner\">\n\t\t\t\t<div class=\"elementor-element elementor-element-e2a5743 elementor-widget elementor-widget-image\" data-id=\"e2a5743\" data-element_type=\"widget\" data-widget_type=\"image.default\">\n\t\t\t\t<div class=\"elementor-widget-container\">\n\t\t\t\t\t\t\t\t\t\t\t\t\t\t\t<img fetchpriority=\"high\" decoding=\"async\" width=\"1024\" height=\"768\" src=\"https:\/\/www.clhb.info\/wpr\/wp-content\/uploads\/2024\/09\/Photo_Equipe_U18F1_Tournoi_P13-1024x768-1.jpg\" class=\"attachment-large size-large wp-image-1337\" alt=\"\" srcset=\"https:\/\/www.clhb.info\/wpr\/wp-content\/uploads\/2024\/09\/Photo_Equipe_U18F1_Tournoi_P13-1024x768-1.jpg 1024w, https:\/\/www.clhb.info\/wpr\/wp-content\/uploads\/2024\/09\/Photo_Equipe_U18F1_Tournoi_P13-1024x768-1-300x225.jpg 300w, https:\/\/www.clhb.info\/wpr\/wp-content\/uploads\/2024\/09\/Photo_Equipe_U18F1_Tournoi_P13-1024x768-1-150x113.jpg 150w, https:\/\/www.clhb.info\/wpr\/wp-content\/uploads\/2024\/09\/Photo_Equipe_U18F1_Tournoi_P13-1024x768-1-768x576.jpg 768w\" sizes=\"(max-width: 1024px) 100vw, 1024px\" \/>\t\t\t\t\t\t\t\t\t\t\t\t\t\t\t<\/div>\n\t\t\t\t<\/div>\n\t\t\t\t<div class=\"elementor-element elementor-element-e99b34f elementor-widget elementor-widget-image\" data-id=\"e99b34f\" data-element_type=\"widget\" data-widget_type=\"image.default\">\n\t\t\t\t<div class=\"elementor-widget-container\">\n\t\t\t\t\t\t\t\t\t\t\t\t\t\t\t<img decoding=\"async\" width=\"977\" height=\"457\" src=\"https:\/\/www.clhb.info\/wpr\/wp-content\/uploads\/2024\/10\/Equipe_SF2_Match_Le_Drennec.png\" class=\"attachment-large size-large wp-image-1693\" alt=\"\" srcset=\"https:\/\/www.clhb.info\/wpr\/wp-content\/uploads\/2024\/10\/Equipe_SF2_Match_Le_Drennec.png 977w, https:\/\/www.clhb.info\/wpr\/wp-content\/uploads\/2024\/10\/Equipe_SF2_Match_Le_Drennec-300x140.png 300w, https:\/\/www.clhb.info\/wpr\/wp-content\/uploads\/2024\/10\/Equipe_SF2_Match_Le_Drennec-150x70.png 150w, https:\/\/www.clhb.info\/wpr\/wp-content\/uploads\/2024\/10\/Equipe_SF2_Match_Le_Drennec-768x359.png 768w\" sizes=\"(max-width: 977px) 100vw, 977px\" \/>\t\t\t\t\t\t\t\t\t\t\t\t\t\t\t<\/div>\n\t\t\t\t<\/div>\n\t\t\t\t\t<\/div>\n\t\t\t\t<\/div>\n\t\t\t\t<\/div>\n\t\t","protected":false},"excerpt":{"rendered":"<p>Cat\u00e9gorie -18 Filles \/! Nous recherchons quelques joueuses U18F pour renforcer les 2 \u00e9quipes (Pr\u00e9nat et D2) sur la saison [&hellip;]<\/p>\n","protected":false},"author":6,"featured_media":0,"parent":0,"menu_order":0,"comment_status":"closed","ping_status":"closed","template":"","meta":{"site-sidebar-layout":"no-sidebar","site-content-layout":"","ast-site-content-layout":"full-width-container","site-content-style":"default","site-sidebar-style":"default","ast-global-header-display":"","ast-banner-title-visibility":"","ast-main-header-display":"","ast-hfb-above-header-display":"","ast-hfb-below-header-display":"","ast-hfb-mobile-header-display":"","site-post-title":"disabled","ast-breadcrumbs-content":"","ast-featured-img":"disabled","footer-sml-layout":"","theme-transparent-header-meta":"","adv-header-id-meta":"","stick-header-meta":"","header-above-stick-meta":"","header-main-stick-meta":"","header-below-stick-meta":"","astra-migrate-meta-layouts":"default","ast-page-background-enabled":"default","ast-page-background-meta":{"desktop":{"background-color":"var(--ast-global-color-4)","background-image":"","background-repeat":"repeat","background-position":"center center","background-size":"auto","background-attachment":"scroll","background-type":"","background-media":"","overlay-type":"","overlay-color":"","overlay-opacity":"","overlay-gradient":""},"tablet":{"background-color":"","background-image":"","background-repeat":"repeat","background-position":"center center","background-size":"auto","background-attachment":"scroll","background-type":"","background-media":"","overlay-type":"","overlay-color":"","overlay-opacity":"","overlay-gradient":""},"mobile":{"background-color":"","background-image":"","background-repeat":"repeat","background-position":"center center","background-size":"auto","background-attachment":"scroll","background-type":"","background-media":"","overlay-type":"","overlay-color":"","overlay-opacity":"","overlay-gradient":""}},"ast-content-background-meta":{"desktop":{"background-color":"var(--ast-global-color-5)","background-image":"","background-repeat":"repeat","background-position":"center center","background-size":"auto","background-attachment":"scroll","background-type":"","background-media":"","overlay-type":"","overlay-color":"","overlay-opacity":"","overlay-gradient":""},"tablet":{"background-color":"var(--ast-global-color-5)","background-image":"","background-repeat":"repeat","background-position":"center center","background-size":"auto","background-attachment":"scroll","background-type":"","background-media":"","overlay-type":"","overlay-color":"","overlay-opacity":"","overlay-gradient":""},"mobile":{"background-color":"var(--ast-global-color-5)","background-image":"","background-repeat":"repeat","background-position":"center center","background-size":"auto","background-attachment":"scroll","background-type":"","background-media":"","overlay-type":"","overlay-color":"","overlay-opacity":"","overlay-gradient":""}},"advanced_seo_description":"","jetpack_seo_html_title":"","jetpack_seo_noindex":false,"footnotes":""},"class_list":["post-957","page","type-page","status-publish","hentry"],"jetpack_sharing_enabled":true,"_links":{"self":[{"href":"https:\/\/www.clhb.info\/wpr\/wp-json\/wp\/v2\/pages\/957","targetHints":{"allow":["GET"]}}],"collection":[{"href":"https:\/\/www.clhb.info\/wpr\/wp-json\/wp\/v2\/pages"}],"about":[{"href":"https:\/\/www.clhb.info\/wpr\/wp-json\/wp\/v2\/types\/page"}],"author":[{"embeddable":true,"href":"https:\/\/www.clhb.info\/wpr\/wp-json\/wp\/v2\/users\/6"}],"replies":[{"embeddable":true,"href":"https:\/\/www.clhb.info\/wpr\/wp-json\/wp\/v2\/comments?post=957"}],"version-history":[{"count":55,"href":"https:\/\/www.clhb.info\/wpr\/wp-json\/wp\/v2\/pages\/957\/revisions"}],"predecessor-version":[{"id":3463,"href":"https:\/\/www.clhb.info\/wpr\/wp-json\/wp\/v2\/pages\/957\/revisions\/3463"}],"wp:attachment":[{"href":"https:\/\/www.clhb.info\/wpr\/wp-json\/wp\/v2\/media?parent=957"}],"curies":[{"name":"wp","href":"https:\/\/api.w.org\/{rel}","templated":true}]}}